{"id":756,"date":"2022-09-12T18:45:32","date_gmt":"2022-09-12T18:45:32","guid":{"rendered":"https:\/\/kistavolsagokvarosa.hu\/?page_id=756"},"modified":"2022-09-13T04:16:38","modified_gmt":"2022-09-13T04:16:38","slug":"parking-day-2","status":"publish","type":"page","link":"https:\/\/kistavolsagokvarosa.hu\/en\/parking-day-2\/","title":{"rendered":"Parking day"},"content":{"rendered":"[et_pb_section fb_built=&#8221;1&#8243; theme_builder_area=&#8221;post_content&#8221; _builder_version=&#8221;4.14.7&#8243; _module_preset=&#8221;default&#8221; hover_enabled=&#8221;0&#8243; sticky_enabled=&#8221;0&#8243; use_background_color_gradient=&#8221;on&#8221; width=&#8221;100%&#8221; background_color_gradient_start=&#8221;rgba(94,249,249,0.63)&#8221;][et_pb_row _builder_version=&#8221;4.14.7&#8243; _module_preset=&#8221;default&#8221; theme_builder_area=&#8221;post_content&#8221; column_structure=&#8221;1_2,1_2&#8243;][et_pb_column _builder_version=&#8221;4.14.7&#8243; _module_preset=&#8221;default&#8221; type=&#8221;1_2&#8243; theme_builder_area=&#8221;post_content&#8221;][et_pb_blurb title=&#8221;Alpha Zoo &#8211; Mindent a kedvencedr\u0151l&#8221; image=&#8221;https:\/\/kistavolsagokvarosa.hu\/wp-content\/uploads\/2022\/09\/alpha1.jpg&#8221; _builder_version=&#8221;4.14.7&#8243; _module_preset=&#8221;default&#8221; theme_builder_area=&#8221;post_content&#8221; hover_enabled=&#8221;0&#8243; sticky_enabled=&#8221;0&#8243; title_text=&#8221;alpha1&#8243; background_color=&#8221;#ffffff&#8221;]<p>K\u00e9nyeztesd kutyusodat. J\u00e1t\u00e9k jutalomfalatok, t\u00e1pl\u00e1lkoz\u00e1si tan\u00e1csad\u00e1s, \u00e9s sok minden m\u00e1s meglepet\u00e9s<\/p>[\/et_pb_blurb][\/et_pb_column][et_pb_column _builder_version=&#8221;4.14.7&#8243; _module_preset=&#8221;default&#8221; type=&#8221;1_2&#8243; theme_builder_area=&#8221;post_content&#8221;][et_pb_blurb title=&#8221;London Stone Pub&#8221; image=&#8221;https:\/\/kistavolsagokvarosa.hu\/wp-content\/uploads\/2022\/09\/london-1.jpg&#8221; _builder_version=&#8221;4.14.7&#8243; _module_preset=&#8221;default&#8221; theme_builder_area=&#8221;post_content&#8221; title_text=&#8221;london&#8221; hover_enabled=&#8221;0&#8243; sticky_enabled=&#8221;0&#8243; background_color=&#8221;#ffffff&#8221;]<p>Utcazene<\/p>[\/et_pb_blurb][\/et_pb_column][\/et_pb_row][et_pb_row _builder_version=&#8221;4.14.7&#8243; _module_preset=&#8221;default&#8221; theme_builder_area=&#8221;post_content&#8221; column_structure=&#8221;1_2,1_2&#8243;][et_pb_column _builder_version=&#8221;4.14.7&#8243; _module_preset=&#8221;default&#8221; type=&#8221;1_2&#8243; theme_builder_area=&#8221;post_content&#8221;][et_pb_blurb title=&#8221;Massolit Book &#038; Cafe&#8221; image=&#8221;https:\/\/kistavolsagokvarosa.hu\/wp-content\/uploads\/2022\/09\/masolit.jpg&#8221; _builder_version=&#8221;4.14.7&#8243; _module_preset=&#8221;default&#8221; theme_builder_area=&#8221;post_content&#8221; hover_enabled=&#8221;0&#8243; sticky_enabled=&#8221;0&#8243; title_text=&#8221;masolit&#8221; background_color=&#8221;#ffffff&#8221;]<p>Sit &amp; Read<\/p>[\/et_pb_blurb][\/et_pb_column][et_pb_column _builder_version=&#8221;4.14.7&#8243; _module_preset=&#8221;default&#8221; type=&#8221;1_2&#8243; theme_builder_area=&#8221;post_content&#8221;][et_pb_blurb title=&#8221;Dehogynem K\u00e1v\u00e9z\u00f3&#8221; image=&#8221;https:\/\/kistavolsagokvarosa.hu\/wp-content\/uploads\/2022\/09\/dehogynem.jpg&#8221; _builder_version=&#8221;4.14.7&#8243; _module_preset=&#8221;default&#8221; theme_builder_area=&#8221;post_content&#8221; hover_enabled=&#8221;0&#8243; sticky_enabled=&#8221;0&#8243; title_text=&#8221;dehogynem&#8221; background_color=&#8221;#ffffff&#8221;]<p>T\u00e1rsasozz vel\u00fcnk<\/p>[\/et_pb_blurb][\/et_pb_column][\/et_pb_row][et_pb_row _builder_version=&#8221;4.14.7&#8243; _module_preset=&#8221;default&#8221; theme_builder_area=&#8221;post_content&#8221; column_structure=&#8221;1_2,1_2&#8243;][et_pb_column _builder_version=&#8221;4.14.7&#8243; _module_preset=&#8221;default&#8221; type=&#8221;1_2&#8243; theme_builder_area=&#8221;post_content&#8221;][et_pb_blurb title=&#8221;Solino Caf\u00e9&#8221; image=&#8221;https:\/\/kistavolsagokvarosa.hu\/wp-content\/uploads\/2022\/09\/solino-Cafe.jpg&#8221; _builder_version=&#8221;4.14.7&#8243; _module_preset=&#8221;default&#8221; theme_builder_area=&#8221;post_content&#8221; hover_enabled=&#8221;0&#8243; sticky_enabled=&#8221;0&#8243; title_text=&#8221;solino Caf\u00e9&#8221; background_color=&#8221;#ffffff&#8221;]<p>Kiford\u00edtott Showroom<\/p>[\/et_pb_blurb][\/et_pb_column][et_pb_column _builder_version=&#8221;4.14.7&#8243; _module_preset=&#8221;default&#8221; type=&#8221;1_2&#8243; theme_builder_area=&#8221;post_content&#8221;][et_pb_blurb title=&#8221;Hops&#8221; image=&#8221;https:\/\/kistavolsagokvarosa.hu\/wp-content\/uploads\/2022\/09\/hops.jpg&#8221; _builder_version=&#8221;4.14.7&#8243; _module_preset=&#8221;default&#8221; theme_builder_area=&#8221;post_content&#8221; hover_enabled=&#8221;0&#8243; sticky_enabled=&#8221;0&#8243; title_text=&#8221;hops&#8221; background_color=&#8221;#ffffff&#8221;]<p>BBQ \u00e9s S\u00f6rf\u0151z\u00e9s<\/p>[\/et_pb_blurb][\/et_pb_column][\/et_pb_row][et_pb_row _builder_version=&#8221;4.14.7&#8243; _module_preset=&#8221;default&#8221; theme_builder_area=&#8221;post_content&#8221; column_structure=&#8221;1_2,1_2&#8243;][et_pb_column _builder_version=&#8221;4.14.7&#8243; _module_preset=&#8221;default&#8221; type=&#8221;1_2&#8243; theme_builder_area=&#8221;post_content&#8221;][et_pb_blurb title=&#8221;Fam\u00edlia vegyeskeresked\u00e9s&#8221; image=&#8221;https:\/\/kistavolsagokvarosa.hu\/wp-content\/uploads\/2022\/09\/zoldseges.jpg&#8221; _builder_version=&#8221;4.14.7&#8243; _module_preset=&#8221;default&#8221; theme_builder_area=&#8221;post_content&#8221; title_text=&#8221;z\u00f6lds\u00e9ges&#8221; hover_enabled=&#8221;0&#8243; sticky_enabled=&#8221;0&#8243; background_color=&#8221;#ffffff&#8221;]<p>gy\u00fam\u00f6lcskostol\u00e1s<\/p>[\/et_pb_blurb][\/et_pb_column][et_pb_column _builder_version=&#8221;4.14.7&#8243; _module_preset=&#8221;default&#8221; type=&#8221;1_2&#8243; theme_builder_area=&#8221;post_content&#8221;][et_pb_blurb title=&#8221;W13 lott\u00f3z\u00f3&#8221; image=&#8221;https:\/\/kistavolsagokvarosa.hu\/wp-content\/uploads\/2022\/09\/lotto.jpg&#8221; _builder_version=&#8221;4.14.7&#8243; _module_preset=&#8221;default&#8221; theme_builder_area=&#8221;post_content&#8221; title_text=&#8221;lott\u00f3&#8221; hover_enabled=&#8221;0&#8243; sticky_enabled=&#8221;0&#8243; background_color=&#8221;#ffffff&#8221;]<p>Puzzle rejtelmei<\/p>[\/et_pb_blurb][\/et_pb_column][\/et_pb_row][et_pb_row _builder_version=&#8221;4.14.7&#8243; _module_preset=&#8221;default&#8221; theme_builder_area=&#8221;post_content&#8221; column_structure=&#8221;1_2,1_2&#8243;][et_pb_column _builder_version=&#8221;4.14.7&#8243; _module_preset=&#8221;default&#8221; type=&#8221;1_2&#8243; theme_builder_area=&#8221;post_content&#8221;][et_pb_blurb title=&#8221;Amgio Shop- bicigli k\u00f6lcs\u00f6nz\u0151&#8221; image=&#8221;https:\/\/kistavolsagokvarosa.hu\/wp-content\/uploads\/2022\/09\/Amigo.jpg&#8221; _builder_version=&#8221;4.14.7&#8243; _module_preset=&#8221;default&#8221; theme_builder_area=&#8221;post_content&#8221; title_text=&#8221;Amigo&#8221; hover_enabled=&#8221;0&#8243; sticky_enabled=&#8221;0&#8243; background_color=&#8221;#ffffff&#8221;]<p>Ha elf\u00e1radt\u00e1l pihenj n\u00e1lunk<\/p>[\/et_pb_blurb][\/et_pb_column][et_pb_column _builder_version=&#8221;4.14.7&#8243; _module_preset=&#8221;default&#8221; type=&#8221;1_2&#8243; theme_builder_area=&#8221;post_content&#8221;][\/et_pb_column][\/et_pb_row][\/et_pb_section]","protected":false},"excerpt":{"rendered":"<p>K\u00e9nyeztesd kutyusodat. J\u00e1t\u00e9k jutalomfalatok, t\u00e1pl\u00e1lkoz\u00e1si tan\u00e1csad\u00e1s, \u00e9s sok minden m\u00e1s meglepet\u00e9sUtcazeneSit &amp; ReadT\u00e1rsasozz vel\u00fcnkKiford\u00edtott ShowroomBBQ \u00e9s S\u00f6rf\u0151z\u00e9sgy\u00fam\u00f6lcskostol\u00e1sPuzzle rejtelmeiHa elf\u00e1radt\u00e1l pihenj n\u00e1lunk<\/p>","protected":false},"author":1,"featured_media":0,"parent":0,"menu_order":0,"comment_status":"closed","ping_status":"closed","template":"","meta":{"_et_pb_use_builder":"on","_et_pb_old_content":"","_et_gb_content_width":"","footnotes":""},"class_list":["post-756","page","type-page","status-publish","hentry"],"yoast_head":"<!-- This site is optimized with the Yoast SEO Premium plugin v26.9 (Yoast SEO v26.9) - https:\/\/yoast.com\/product\/yoast-seo-premium-wordpress\/ -->\n<title>Parking day - Kis T\u00e1vols\u00e1gok V\u00e1rosa Alap\u00edtv\u00e1ny<\/title>\n<meta name=\"robots\" content=\"index, follow, max-snippet:-1, max-image-preview:large, max-video-preview:-1\" \/>\n<link rel=\"canonical\" href=\"https:\/\/kistavolsagokvarosa.hu\/en\/parking-day-2\/\" \/>\n<meta property=\"og:locale\" content=\"en_US\" \/>\n<meta property=\"og:type\" content=\"article\" \/>\n<meta property=\"og:title\" content=\"Parking day\" \/>\n<meta property=\"og:description\" content=\"K\u00e9nyeztesd kutyusodat. J\u00e1t\u00e9k jutalomfalatok, t\u00e1pl\u00e1lkoz\u00e1si tan\u00e1csad\u00e1s, \u00e9s sok minden m\u00e1s meglepet\u00e9sUtcazeneSit &amp; ReadT\u00e1rsasozz vel\u00fcnkKiford\u00edtott ShowroomBBQ \u00e9s S\u00f6rf\u0151z\u00e9sgy\u00fam\u00f6lcskostol\u00e1sPuzzle rejtelmeiHa elf\u00e1radt\u00e1l pihenj n\u00e1lunk\" \/>\n<meta property=\"og:url\" content=\"https:\/\/kistavolsagokvarosa.hu\/en\/parking-day-2\/\" \/>\n<meta property=\"og:site_name\" content=\"Kis T\u00e1vols\u00e1gok V\u00e1rosa Alap\u00edtv\u00e1ny\" \/>\n<meta property=\"article:modified_time\" content=\"2022-09-13T04:16:38+00:00\" \/>\n<meta name=\"twitter:card\" content=\"summary_large_image\" \/>\n<meta name=\"twitter:label1\" content=\"Est. reading time\" \/>\n\t<meta name=\"twitter:data1\" content=\"1 minute\" \/>\n<script type=\"application\/ld+json\" class=\"yoast-schema-graph\">{\"@context\":\"https:\/\/schema.org\",\"@graph\":[{\"@type\":\"WebPage\",\"@id\":\"https:\/\/kistavolsagokvarosa.hu\/parking-day-2\/\",\"url\":\"https:\/\/kistavolsagokvarosa.hu\/parking-day-2\/\",\"name\":\"Parking day - Kis T\u00e1vols\u00e1gok V\u00e1rosa Alap\u00edtv\u00e1ny\",\"isPartOf\":{\"@id\":\"https:\/\/kistavolsagokvarosa.hu\/#website\"},\"datePublished\":\"2022-09-12T18:45:32+00:00\",\"dateModified\":\"2022-09-13T04:16:38+00:00\",\"breadcrumb\":{\"@id\":\"https:\/\/kistavolsagokvarosa.hu\/parking-day-2\/#breadcrumb\"},\"inLanguage\":\"en-US\",\"potentialAction\":[{\"@type\":\"ReadAction\",\"target\":[\"https:\/\/kistavolsagokvarosa.hu\/parking-day-2\/\"]}]},{\"@type\":\"BreadcrumbList\",\"@id\":\"https:\/\/kistavolsagokvarosa.hu\/parking-day-2\/#breadcrumb\",\"itemListElement\":[{\"@type\":\"ListItem\",\"position\":1,\"name\":\"Home\",\"item\":\"https:\/\/kistavolsagokvarosa.hu\/\"},{\"@type\":\"ListItem\",\"position\":2,\"name\":\"Parking day\"}]},{\"@type\":\"WebSite\",\"@id\":\"https:\/\/kistavolsagokvarosa.hu\/#website\",\"url\":\"https:\/\/kistavolsagokvarosa.hu\/\",\"name\":\"Kis T\u00e1vols\u00e1gok V\u00e1rosa Alap\u00edtv\u00e1ny\",\"description\":\"My WordPress Blog\",\"potentialAction\":[{\"@type\":\"SearchAction\",\"target\":{\"@type\":\"EntryPoint\",\"urlTemplate\":\"https:\/\/kistavolsagokvarosa.hu\/?s={search_term_string}\"},\"query-input\":{\"@type\":\"PropertyValueSpecification\",\"valueRequired\":true,\"valueName\":\"search_term_string\"}}],\"inLanguage\":\"en-US\"}]}<\/script>\n<!-- \/ Yoast SEO Premium plugin. -->","yoast_head_json":{"title":"Parking day - Kis T\u00e1vols\u00e1gok V\u00e1rosa Alap\u00edtv\u00e1ny","robots":{"index":"index","follow":"follow","max-snippet":"max-snippet:-1","max-image-preview":"max-image-preview:large","max-video-preview":"max-video-preview:-1"},"canonical":"https:\/\/kistavolsagokvarosa.hu\/en\/parking-day-2\/","og_locale":"en_US","og_type":"article","og_title":"Parking day","og_description":"K\u00e9nyeztesd kutyusodat. J\u00e1t\u00e9k jutalomfalatok, t\u00e1pl\u00e1lkoz\u00e1si tan\u00e1csad\u00e1s, \u00e9s sok minden m\u00e1s meglepet\u00e9sUtcazeneSit &amp; ReadT\u00e1rsasozz vel\u00fcnkKiford\u00edtott ShowroomBBQ \u00e9s S\u00f6rf\u0151z\u00e9sgy\u00fam\u00f6lcskostol\u00e1sPuzzle rejtelmeiHa elf\u00e1radt\u00e1l pihenj n\u00e1lunk","og_url":"https:\/\/kistavolsagokvarosa.hu\/en\/parking-day-2\/","og_site_name":"Kis T\u00e1vols\u00e1gok V\u00e1rosa Alap\u00edtv\u00e1ny","article_modified_time":"2022-09-13T04:16:38+00:00","twitter_card":"summary_large_image","twitter_misc":{"Est. reading time":"1 minute"},"schema":{"@context":"https:\/\/schema.org","@graph":[{"@type":"WebPage","@id":"https:\/\/kistavolsagokvarosa.hu\/parking-day-2\/","url":"https:\/\/kistavolsagokvarosa.hu\/parking-day-2\/","name":"Parking day - Kis T\u00e1vols\u00e1gok V\u00e1rosa Alap\u00edtv\u00e1ny","isPartOf":{"@id":"https:\/\/kistavolsagokvarosa.hu\/#website"},"datePublished":"2022-09-12T18:45:32+00:00","dateModified":"2022-09-13T04:16:38+00:00","breadcrumb":{"@id":"https:\/\/kistavolsagokvarosa.hu\/parking-day-2\/#breadcrumb"},"inLanguage":"en-US","potentialAction":[{"@type":"ReadAction","target":["https:\/\/kistavolsagokvarosa.hu\/parking-day-2\/"]}]},{"@type":"BreadcrumbList","@id":"https:\/\/kistavolsagokvarosa.hu\/parking-day-2\/#breadcrumb","itemListElement":[{"@type":"ListItem","position":1,"name":"Home","item":"https:\/\/kistavolsagokvarosa.hu\/"},{"@type":"ListItem","position":2,"name":"Parking day"}]},{"@type":"WebSite","@id":"https:\/\/kistavolsagokvarosa.hu\/#website","url":"https:\/\/kistavolsagokvarosa.hu\/","name":"Kis T\u00e1vols\u00e1gok V\u00e1rosa Alap\u00edtv\u00e1ny","description":"My WordPress Blog","potentialAction":[{"@type":"SearchAction","target":{"@type":"EntryPoint","urlTemplate":"https:\/\/kistavolsagokvarosa.hu\/?s={search_term_string}"},"query-input":{"@type":"PropertyValueSpecification","valueRequired":true,"valueName":"search_term_string"}}],"inLanguage":"en-US"}]}},"_links":{"self":[{"href":"https:\/\/kistavolsagokvarosa.hu\/en\/wp-json\/wp\/v2\/pages\/756","targetHints":{"allow":["GET"]}}],"collection":[{"href":"https:\/\/kistavolsagokvarosa.hu\/en\/wp-json\/wp\/v2\/pages"}],"about":[{"href":"https:\/\/kistavolsagokvarosa.hu\/en\/wp-json\/wp\/v2\/types\/page"}],"author":[{"embeddable":true,"href":"https:\/\/kistavolsagokvarosa.hu\/en\/wp-json\/wp\/v2\/users\/1"}],"replies":[{"embeddable":true,"href":"https:\/\/kistavolsagokvarosa.hu\/en\/wp-json\/wp\/v2\/comments?post=756"}],"version-history":[{"count":6,"href":"https:\/\/kistavolsagokvarosa.hu\/en\/wp-json\/wp\/v2\/pages\/756\/revisions"}],"predecessor-version":[{"id":774,"href":"https:\/\/kistavolsagokvarosa.hu\/en\/wp-json\/wp\/v2\/pages\/756\/revisions\/774"}],"wp:attachment":[{"href":"https:\/\/kistavolsagokvarosa.hu\/en\/wp-json\/wp\/v2\/media?parent=756"}],"curies":[{"name":"wp","href":"https:\/\/api.w.org\/{rel}","templated":true}]}}