{"id":649,"date":"2022-08-11T12:34:44","date_gmt":"2022-08-11T12:34:44","guid":{"rendered":"https:\/\/kistavolsagokvarosa.hu\/?page_id=649"},"modified":"2022-08-12T08:49:49","modified_gmt":"2022-08-12T08:49:49","slug":"adomanygyujtes","status":"publish","type":"page","link":"https:\/\/kistavolsagokvarosa.hu\/en\/adomanygyujtes\/","title":{"rendered":"Adom\u00e1nygy\u0171jt\u00e9s"},"content":{"rendered":"<p>[et_pb_section fb_built=&#8221;1&#8243; _builder_version=&#8221;4.14.7&#8243; _module_preset=&#8221;default&#8221; background_color=&#8221;#FFFFFF&#8221; use_background_color_gradient=&#8221;on&#8221; background_color_gradient_start=&#8221;#ffffff&#8221; background_image=&#8221;https:\/\/kistavolsagokvarosa.hu\/wp-content\/uploads\/2022\/08\/school-supplies-gf88d8c899_1280.jpg&#8221; parallax=&#8221;on&#8221; hover_enabled=&#8221;0&#8243; global_colors_info=&#8221;{}&#8221; sticky_enabled=&#8221;0&#8243;][et_pb_row _builder_version=&#8221;4.14.7&#8243; _module_preset=&#8221;default&#8221;][et_pb_column _builder_version=&#8221;4.14.7&#8243; _module_preset=&#8221;default&#8221; type=&#8221;4_4&#8243;][et_pb_text _builder_version=&#8221;4.14.7&#8243; _module_preset=&#8221;default&#8221; text_text_color=&#8221;#000000&#8243; text_font_size=&#8221;18px&#8221; hover_enabled=&#8221;0&#8243; sticky_enabled=&#8221;0&#8243;]<\/p>\n<p><span style=\"color: #000000;\">Seg\u00edts ak\u00e1r egy k\u00e1v\u00e9 \u00e1r\u00e1val: adom\u00e1nyozz, hogy legyen gondtalan az iskolakezd\u00e9s a szer\u00e9nyebb h\u00e1tter\u0171 gyerekek sz\u00e1m\u00e1ra is!<\/span><\/p>\n<p>[\/et_pb_text][et_pb_text _builder_version=&#8221;4.14.7&#8243; _module_preset=&#8221;default&#8221; hover_enabled=&#8221;0&#8243; sticky_enabled=&#8221;0&#8243; custom_padding=&#8221;7px|||||&#8221;]<\/p>\n<p style=\"text-align: justify;\"><span style=\"color: #000000;\">Alap\u00edtv\u00e1nyunk akci\u00f3j\u00e1nak c\u00e9lja, hogy az iskolakezd\u00e9s az \u00f6nfeledt vid\u00e1ms\u00e1gr\u00f3l \u00e9s a hat\u00e1rtalan tud\u00e1sszomjr\u00f3l sz\u00f3ljon, ez\u00e9rt p\u00e9nzbeli adom\u00e1nyokat gy\u0171jt\u00fcnk, hogy a befolyt \u00f6sszegb\u0151l tanszereket v\u00e1s\u00e1roljunk. A megv\u00e1s\u00e1rolt tanszereket \u00e1tadjuk a Vill\u00e1nyi Csal\u00e1dseg\u00edt\u0151, Gyermekj\u00f3l\u00e9ti \u00e9s Szoci\u00e1lis K\u00f6zpontnak. A Vill\u00e1nyi Csal\u00e1dseg\u00edt\u0151 24 telep\u00fcl\u00e9st l\u00e1t el, melyek f\u0151k\u00e9nt az az Orm\u00e1ns\u00e1g ter\u00fclet\u00e9n tal\u00e1lhat\u00f3ak, jelenleg 107 gyermek van az int\u00e9zm\u00e9ny gondoz\u00e1s\u00e1ban.<\/span><\/p>\n<p style=\"text-align: justify;\"><span style=\"color: #000000;\">A Vill\u00e1nyi Csal\u00e1dseg\u00edt\u0151vel szoros kapcsolatban vagyunk, \u00edgy kaptunk is a seg\u00edts\u00e9gre szorul\u00f3 csal\u00e1dokr\u00f3l egy bemutatkoz\u00f3 anyagot. Sz\u00edvbemarkol\u00f3, hogy nem minden gyermek sz\u00e1m\u00e1ra eleve adott, hogy tele legyen az a bizonyos iskolat\u00e1ska, \u00e9s hogy vannak olyan csal\u00e1dok, akik neh\u00e9z k\u00fczdelmek \u00e1r\u00e1n tudj\u00e1k csak tan\u00edttatni gyerekeiket.<\/span><\/p>\n<p style=\"text-align: justify;\"><span style=\"color: #000000;\">Nem k\u00e9rd\u00e9s, hogy kell nekik seg\u00edteni, csatlakozz, hogy var\u00e1zsoljunk egy\u00fctt \u00f6r\u00f6met a nehezebb sors\u00fa csal\u00e1dok sz\u00e1m\u00e1ra is. Adom\u00e1nyozd az \u00e1ltalad k\u00edv\u00e1nt \u00f6sszeget, itt al\u00e1bb:<\/span><\/p>\n<p>[\/et_pb_text][\/et_pb_column][\/et_pb_row][et_pb_row _builder_version=&#8221;4.14.7&#8243; _module_preset=&#8221;default&#8221; hover_enabled=&#8221;0&#8243; global_colors_info=&#8221;{}&#8221; sticky_enabled=&#8221;0&#8243;][et_pb_column type=&#8221;4_4&#8243; _builder_version=&#8221;4.14.7&#8243; _module_preset=&#8221;default&#8221; global_colors_info=&#8221;{}&#8221;][et_pb_code _builder_version=&#8221;4.14.7&#8243; _module_preset=&#8221;default&#8221; hover_enabled=&#8221;0&#8243; global_colors_info=&#8221;{}&#8221; sticky_enabled=&#8221;0&#8243; background_color=&#8221;#f7f7f7&#8243; use_background_color_gradient=&#8221;on&#8221; background_color_gradient_start=&#8221;#32d4fc&#8221; background_color_gradient_end=&#8221;#30e5d0&#8243;][give_form id=&#8221;645&#8243;][\/et_pb_code][\/et_pb_column][\/et_pb_row][\/et_pb_section]<\/p>","protected":false},"excerpt":{"rendered":"<p>Seg\u00edts ak\u00e1r egy k\u00e1v\u00e9 \u00e1r\u00e1val: adom\u00e1nyozz, hogy legyen gondtalan az iskolakezd\u00e9s a szer\u00e9nyebb h\u00e1tter\u0171 gyerekek sz\u00e1m\u00e1ra is!Alap\u00edtv\u00e1nyunk akci\u00f3j\u00e1nak c\u00e9lja, hogy az iskolakezd\u00e9s az \u00f6nfeledt vid\u00e1ms\u00e1gr\u00f3l \u00e9s a hat\u00e1rtalan tud\u00e1sszomjr\u00f3l sz\u00f3ljon, ez\u00e9rt p\u00e9nzbeli adom\u00e1nyokat gy\u0171jt\u00fcnk, hogy a befolyt \u00f6sszegb\u0151l tanszereket v\u00e1s\u00e1roljunk. A megv\u00e1s\u00e1rolt tanszereket \u00e1tadjuk a Vill\u00e1nyi Csal\u00e1dseg\u00edt\u0151, Gyermekj\u00f3l\u00e9ti \u00e9s Szoci\u00e1lis K\u00f6zpontnak. A Vill\u00e1nyi Csal\u00e1dseg\u00edt\u0151 24 [&hellip;]<\/p>","protected":false},"author":1,"featured_media":0,"parent":0,"menu_order":0,"comment_status":"closed","ping_status":"closed","template":"","meta":{"_et_pb_use_builder":"on","_et_pb_old_content":"","_et_gb_content_width":"","footnotes":""},"class_list":["post-649","page","type-page","status-publish","hentry"],"yoast_head":"<!-- This site is optimized with the Yoast SEO Premium plugin v26.9 (Yoast SEO v26.9) - https:\/\/yoast.com\/product\/yoast-seo-premium-wordpress\/ -->\n<title>Adom\u00e1nygy\u0171jt\u00e9s - Kis T\u00e1vols\u00e1gok V\u00e1rosa Alap\u00edtv\u00e1ny<\/title>\n<meta name=\"robots\" content=\"index, follow, max-snippet:-1, max-image-preview:large, max-video-preview:-1\" \/>\n<link rel=\"canonical\" href=\"https:\/\/kistavolsagokvarosa.hu\/en\/adomanygyujtes\/\" \/>\n<meta property=\"og:locale\" content=\"en_US\" \/>\n<meta property=\"og:type\" content=\"article\" \/>\n<meta property=\"og:title\" content=\"Adom\u00e1nygy\u0171jt\u00e9s\" \/>\n<meta property=\"og:description\" content=\"Seg\u00edts ak\u00e1r egy k\u00e1v\u00e9 \u00e1r\u00e1val: adom\u00e1nyozz, hogy legyen gondtalan az iskolakezd\u00e9s a szer\u00e9nyebb h\u00e1tter\u0171 gyerekek sz\u00e1m\u00e1ra is!Alap\u00edtv\u00e1nyunk akci\u00f3j\u00e1nak c\u00e9lja, hogy az iskolakezd\u00e9s az \u00f6nfeledt vid\u00e1ms\u00e1gr\u00f3l \u00e9s a hat\u00e1rtalan tud\u00e1sszomjr\u00f3l sz\u00f3ljon, ez\u00e9rt p\u00e9nzbeli adom\u00e1nyokat gy\u0171jt\u00fcnk, hogy a befolyt \u00f6sszegb\u0151l tanszereket v\u00e1s\u00e1roljunk. A megv\u00e1s\u00e1rolt tanszereket \u00e1tadjuk a Vill\u00e1nyi Csal\u00e1dseg\u00edt\u0151, Gyermekj\u00f3l\u00e9ti \u00e9s Szoci\u00e1lis K\u00f6zpontnak. A Vill\u00e1nyi Csal\u00e1dseg\u00edt\u0151 24 [&hellip;]\" \/>\n<meta property=\"og:url\" content=\"https:\/\/kistavolsagokvarosa.hu\/en\/adomanygyujtes\/\" \/>\n<meta property=\"og:site_name\" content=\"Kis T\u00e1vols\u00e1gok V\u00e1rosa Alap\u00edtv\u00e1ny\" \/>\n<meta property=\"article:modified_time\" content=\"2022-08-12T08:49:49+00:00\" \/>\n<meta name=\"twitter:card\" content=\"summary_large_image\" \/>\n<meta name=\"twitter:label1\" content=\"Est. reading time\" \/>\n\t<meta name=\"twitter:data1\" content=\"1 minute\" \/>\n<script type=\"application\/ld+json\" class=\"yoast-schema-graph\">{\"@context\":\"https:\/\/schema.org\",\"@graph\":[{\"@type\":\"WebPage\",\"@id\":\"https:\/\/kistavolsagokvarosa.hu\/adomanygyujtes\/\",\"url\":\"https:\/\/kistavolsagokvarosa.hu\/adomanygyujtes\/\",\"name\":\"Adom\u00e1nygy\u0171jt\u00e9s - Kis T\u00e1vols\u00e1gok V\u00e1rosa Alap\u00edtv\u00e1ny\",\"isPartOf\":{\"@id\":\"https:\/\/kistavolsagokvarosa.hu\/#website\"},\"datePublished\":\"2022-08-11T12:34:44+00:00\",\"dateModified\":\"2022-08-12T08:49:49+00:00\",\"breadcrumb\":{\"@id\":\"https:\/\/kistavolsagokvarosa.hu\/adomanygyujtes\/#breadcrumb\"},\"inLanguage\":\"en-US\",\"potentialAction\":[{\"@type\":\"ReadAction\",\"target\":[\"https:\/\/kistavolsagokvarosa.hu\/adomanygyujtes\/\"]}]},{\"@type\":\"BreadcrumbList\",\"@id\":\"https:\/\/kistavolsagokvarosa.hu\/adomanygyujtes\/#breadcrumb\",\"itemListElement\":[{\"@type\":\"ListItem\",\"position\":1,\"name\":\"Home\",\"item\":\"https:\/\/kistavolsagokvarosa.hu\/\"},{\"@type\":\"ListItem\",\"position\":2,\"name\":\"Adom\u00e1nygy\u0171jt\u00e9s\"}]},{\"@type\":\"WebSite\",\"@id\":\"https:\/\/kistavolsagokvarosa.hu\/#website\",\"url\":\"https:\/\/kistavolsagokvarosa.hu\/\",\"name\":\"Kis T\u00e1vols\u00e1gok V\u00e1rosa Alap\u00edtv\u00e1ny\",\"description\":\"My WordPress Blog\",\"potentialAction\":[{\"@type\":\"SearchAction\",\"target\":{\"@type\":\"EntryPoint\",\"urlTemplate\":\"https:\/\/kistavolsagokvarosa.hu\/?s={search_term_string}\"},\"query-input\":{\"@type\":\"PropertyValueSpecification\",\"valueRequired\":true,\"valueName\":\"search_term_string\"}}],\"inLanguage\":\"en-US\"}]}<\/script>\n<!-- \/ Yoast SEO Premium plugin. -->","yoast_head_json":{"title":"Adom\u00e1nygy\u0171jt\u00e9s - Kis T\u00e1vols\u00e1gok V\u00e1rosa Alap\u00edtv\u00e1ny","robots":{"index":"index","follow":"follow","max-snippet":"max-snippet:-1","max-image-preview":"max-image-preview:large","max-video-preview":"max-video-preview:-1"},"canonical":"https:\/\/kistavolsagokvarosa.hu\/en\/adomanygyujtes\/","og_locale":"en_US","og_type":"article","og_title":"Adom\u00e1nygy\u0171jt\u00e9s","og_description":"Seg\u00edts ak\u00e1r egy k\u00e1v\u00e9 \u00e1r\u00e1val: adom\u00e1nyozz, hogy legyen gondtalan az iskolakezd\u00e9s a szer\u00e9nyebb h\u00e1tter\u0171 gyerekek sz\u00e1m\u00e1ra is!Alap\u00edtv\u00e1nyunk akci\u00f3j\u00e1nak c\u00e9lja, hogy az iskolakezd\u00e9s az \u00f6nfeledt vid\u00e1ms\u00e1gr\u00f3l \u00e9s a hat\u00e1rtalan tud\u00e1sszomjr\u00f3l sz\u00f3ljon, ez\u00e9rt p\u00e9nzbeli adom\u00e1nyokat gy\u0171jt\u00fcnk, hogy a befolyt \u00f6sszegb\u0151l tanszereket v\u00e1s\u00e1roljunk. A megv\u00e1s\u00e1rolt tanszereket \u00e1tadjuk a Vill\u00e1nyi Csal\u00e1dseg\u00edt\u0151, Gyermekj\u00f3l\u00e9ti \u00e9s Szoci\u00e1lis K\u00f6zpontnak. A Vill\u00e1nyi Csal\u00e1dseg\u00edt\u0151 24 [&hellip;]","og_url":"https:\/\/kistavolsagokvarosa.hu\/en\/adomanygyujtes\/","og_site_name":"Kis T\u00e1vols\u00e1gok V\u00e1rosa Alap\u00edtv\u00e1ny","article_modified_time":"2022-08-12T08:49:49+00:00","twitter_card":"summary_large_image","twitter_misc":{"Est. reading time":"1 minute"},"schema":{"@context":"https:\/\/schema.org","@graph":[{"@type":"WebPage","@id":"https:\/\/kistavolsagokvarosa.hu\/adomanygyujtes\/","url":"https:\/\/kistavolsagokvarosa.hu\/adomanygyujtes\/","name":"Adom\u00e1nygy\u0171jt\u00e9s - Kis T\u00e1vols\u00e1gok V\u00e1rosa Alap\u00edtv\u00e1ny","isPartOf":{"@id":"https:\/\/kistavolsagokvarosa.hu\/#website"},"datePublished":"2022-08-11T12:34:44+00:00","dateModified":"2022-08-12T08:49:49+00:00","breadcrumb":{"@id":"https:\/\/kistavolsagokvarosa.hu\/adomanygyujtes\/#breadcrumb"},"inLanguage":"en-US","potentialAction":[{"@type":"ReadAction","target":["https:\/\/kistavolsagokvarosa.hu\/adomanygyujtes\/"]}]},{"@type":"BreadcrumbList","@id":"https:\/\/kistavolsagokvarosa.hu\/adomanygyujtes\/#breadcrumb","itemListElement":[{"@type":"ListItem","position":1,"name":"Home","item":"https:\/\/kistavolsagokvarosa.hu\/"},{"@type":"ListItem","position":2,"name":"Adom\u00e1nygy\u0171jt\u00e9s"}]},{"@type":"WebSite","@id":"https:\/\/kistavolsagokvarosa.hu\/#website","url":"https:\/\/kistavolsagokvarosa.hu\/","name":"Kis T\u00e1vols\u00e1gok V\u00e1rosa Alap\u00edtv\u00e1ny","description":"My WordPress Blog","potentialAction":[{"@type":"SearchAction","target":{"@type":"EntryPoint","urlTemplate":"https:\/\/kistavolsagokvarosa.hu\/?s={search_term_string}"},"query-input":{"@type":"PropertyValueSpecification","valueRequired":true,"valueName":"search_term_string"}}],"inLanguage":"en-US"}]}},"_links":{"self":[{"href":"https:\/\/kistavolsagokvarosa.hu\/en\/wp-json\/wp\/v2\/pages\/649","targetHints":{"allow":["GET"]}}],"collection":[{"href":"https:\/\/kistavolsagokvarosa.hu\/en\/wp-json\/wp\/v2\/pages"}],"about":[{"href":"https:\/\/kistavolsagokvarosa.hu\/en\/wp-json\/wp\/v2\/types\/page"}],"author":[{"embeddable":true,"href":"https:\/\/kistavolsagokvarosa.hu\/en\/wp-json\/wp\/v2\/users\/1"}],"replies":[{"embeddable":true,"href":"https:\/\/kistavolsagokvarosa.hu\/en\/wp-json\/wp\/v2\/comments?post=649"}],"version-history":[{"count":9,"href":"https:\/\/kistavolsagokvarosa.hu\/en\/wp-json\/wp\/v2\/pages\/649\/revisions"}],"predecessor-version":[{"id":674,"href":"https:\/\/kistavolsagokvarosa.hu\/en\/wp-json\/wp\/v2\/pages\/649\/revisions\/674"}],"wp:attachment":[{"href":"https:\/\/kistavolsagokvarosa.hu\/en\/wp-json\/wp\/v2\/media?parent=649"}],"curies":[{"name":"wp","href":"https:\/\/api.w.org\/{rel}","templated":true}]}}