{"id":604,"date":"2022-07-12T06:43:03","date_gmt":"2022-07-12T06:43:03","guid":{"rendered":"https:\/\/kistavolsagokvarosa.hu\/fooldal-english\/"},"modified":"2022-07-12T06:43:03","modified_gmt":"2022-07-12T06:43:03","slug":"fooldal-english","status":"publish","type":"page","link":"https:\/\/kistavolsagokvarosa.hu\/en\/fooldal-english\/","title":{"rendered":"F\u0151oldal &#8211; English"},"content":{"rendered":"","protected":false},"excerpt":{"rendered":"","protected":false},"author":1,"featured_media":0,"parent":0,"menu_order":0,"comment_status":"closed","ping_status":"closed","template":"","meta":{"_et_pb_use_builder":"","_et_pb_old_content":"","_et_gb_content_width":"","footnotes":""},"class_list":["post-604","page","type-page","status-publish","hentry"],"yoast_head":"<!-- This site is optimized with the Yoast SEO Premium plugin v26.9 (Yoast SEO v26.9) - https:\/\/yoast.com\/product\/yoast-seo-premium-wordpress\/ -->\n<title>F\u0151oldal - English - Kis T\u00e1vols\u00e1gok V\u00e1rosa Alap\u00edtv\u00e1ny<\/title>\n<meta name=\"robots\" content=\"index, follow, max-snippet:-1, max-image-preview:large, max-video-preview:-1\" \/>\n<link rel=\"canonical\" href=\"https:\/\/kistavolsagokvarosa.hu\/en\/fooldal-english\/\" \/>\n<meta property=\"og:locale\" content=\"en_US\" \/>\n<meta property=\"og:type\" content=\"article\" \/>\n<meta property=\"og:title\" content=\"F\u0151oldal - English\" \/>\n<meta property=\"og:url\" content=\"https:\/\/kistavolsagokvarosa.hu\/en\/fooldal-english\/\" \/>\n<meta property=\"og:site_name\" content=\"Kis T\u00e1vols\u00e1gok V\u00e1rosa Alap\u00edtv\u00e1ny\" \/>\n<meta name=\"twitter:card\" content=\"summary_large_image\" \/>\n<script type=\"application\/ld+json\" class=\"yoast-schema-graph\">{\"@context\":\"https:\/\/schema.org\",\"@graph\":[{\"@type\":\"WebPage\",\"@id\":\"https:\/\/kistavolsagokvarosa.hu\/fooldal-english\/\",\"url\":\"https:\/\/kistavolsagokvarosa.hu\/fooldal-english\/\",\"name\":\"F\u0151oldal - English - Kis T\u00e1vols\u00e1gok V\u00e1rosa Alap\u00edtv\u00e1ny\",\"isPartOf\":{\"@id\":\"https:\/\/kistavolsagokvarosa.hu\/#website\"},\"datePublished\":\"2022-07-12T06:43:03+00:00\",\"breadcrumb\":{\"@id\":\"https:\/\/kistavolsagokvarosa.hu\/fooldal-english\/#breadcrumb\"},\"inLanguage\":\"en-US\",\"potentialAction\":[{\"@type\":\"ReadAction\",\"target\":[\"https:\/\/kistavolsagokvarosa.hu\/fooldal-english\/\"]}]},{\"@type\":\"BreadcrumbList\",\"@id\":\"https:\/\/kistavolsagokvarosa.hu\/fooldal-english\/#breadcrumb\",\"itemListElement\":[{\"@type\":\"ListItem\",\"position\":1,\"name\":\"Home\",\"item\":\"https:\/\/kistavolsagokvarosa.hu\/\"},{\"@type\":\"ListItem\",\"position\":2,\"name\":\"F\u0151oldal &#8211; English\"}]},{\"@type\":\"WebSite\",\"@id\":\"https:\/\/kistavolsagokvarosa.hu\/#website\",\"url\":\"https:\/\/kistavolsagokvarosa.hu\/\",\"name\":\"Kis T\u00e1vols\u00e1gok V\u00e1rosa Alap\u00edtv\u00e1ny\",\"description\":\"My WordPress Blog\",\"potentialAction\":[{\"@type\":\"SearchAction\",\"target\":{\"@type\":\"EntryPoint\",\"urlTemplate\":\"https:\/\/kistavolsagokvarosa.hu\/?s={search_term_string}\"},\"query-input\":{\"@type\":\"PropertyValueSpecification\",\"valueRequired\":true,\"valueName\":\"search_term_string\"}}],\"inLanguage\":\"en-US\"}]}<\/script>\n<!-- \/ Yoast SEO Premium plugin. -->","yoast_head_json":{"title":"F\u0151oldal - English - Kis T\u00e1vols\u00e1gok V\u00e1rosa Alap\u00edtv\u00e1ny","robots":{"index":"index","follow":"follow","max-snippet":"max-snippet:-1","max-image-preview":"max-image-preview:large","max-video-preview":"max-video-preview:-1"},"canonical":"https:\/\/kistavolsagokvarosa.hu\/en\/fooldal-english\/","og_locale":"en_US","og_type":"article","og_title":"F\u0151oldal - English","og_url":"https:\/\/kistavolsagokvarosa.hu\/en\/fooldal-english\/","og_site_name":"Kis T\u00e1vols\u00e1gok V\u00e1rosa Alap\u00edtv\u00e1ny","twitter_card":"summary_large_image","schema":{"@context":"https:\/\/schema.org","@graph":[{"@type":"WebPage","@id":"https:\/\/kistavolsagokvarosa.hu\/fooldal-english\/","url":"https:\/\/kistavolsagokvarosa.hu\/fooldal-english\/","name":"F\u0151oldal - English - Kis T\u00e1vols\u00e1gok V\u00e1rosa Alap\u00edtv\u00e1ny","isPartOf":{"@id":"https:\/\/kistavolsagokvarosa.hu\/#website"},"datePublished":"2022-07-12T06:43:03+00:00","breadcrumb":{"@id":"https:\/\/kistavolsagokvarosa.hu\/fooldal-english\/#breadcrumb"},"inLanguage":"en-US","potentialAction":[{"@type":"ReadAction","target":["https:\/\/kistavolsagokvarosa.hu\/fooldal-english\/"]}]},{"@type":"BreadcrumbList","@id":"https:\/\/kistavolsagokvarosa.hu\/fooldal-english\/#breadcrumb","itemListElement":[{"@type":"ListItem","position":1,"name":"Home","item":"https:\/\/kistavolsagokvarosa.hu\/"},{"@type":"ListItem","position":2,"name":"F\u0151oldal &#8211; English"}]},{"@type":"WebSite","@id":"https:\/\/kistavolsagokvarosa.hu\/#website","url":"https:\/\/kistavolsagokvarosa.hu\/","name":"Kis T\u00e1vols\u00e1gok V\u00e1rosa Alap\u00edtv\u00e1ny","description":"My WordPress Blog","potentialAction":[{"@type":"SearchAction","target":{"@type":"EntryPoint","urlTemplate":"https:\/\/kistavolsagokvarosa.hu\/?s={search_term_string}"},"query-input":{"@type":"PropertyValueSpecification","valueRequired":true,"valueName":"search_term_string"}}],"inLanguage":"en-US"}]}},"_links":{"self":[{"href":"https:\/\/kistavolsagokvarosa.hu\/en\/wp-json\/wp\/v2\/pages\/604","targetHints":{"allow":["GET"]}}],"collection":[{"href":"https:\/\/kistavolsagokvarosa.hu\/en\/wp-json\/wp\/v2\/pages"}],"about":[{"href":"https:\/\/kistavolsagokvarosa.hu\/en\/wp-json\/wp\/v2\/types\/page"}],"author":[{"embeddable":true,"href":"https:\/\/kistavolsagokvarosa.hu\/en\/wp-json\/wp\/v2\/users\/1"}],"replies":[{"embeddable":true,"href":"https:\/\/kistavolsagokvarosa.hu\/en\/wp-json\/wp\/v2\/comments?post=604"}],"version-history":[{"count":0,"href":"https:\/\/kistavolsagokvarosa.hu\/en\/wp-json\/wp\/v2\/pages\/604\/revisions"}],"wp:attachment":[{"href":"https:\/\/kistavolsagokvarosa.hu\/en\/wp-json\/wp\/v2\/media?parent=604"}],"curies":[{"name":"wp","href":"https:\/\/api.w.org\/{rel}","templated":true}]}}