{"id":1472,"date":"2026-03-03T14:54:47","date_gmt":"2026-03-03T14:54:47","guid":{"rendered":"https:\/\/kistavolsagokvarosa.hu\/?page_id=1472"},"modified":"2026-03-03T16:07:54","modified_gmt":"2026-03-03T16:07:54","slug":"csatlakozz-hozzank","status":"publish","type":"page","link":"https:\/\/kistavolsagokvarosa.hu\/en\/csatlakozz-hozzank\/","title":{"rendered":"Csatlakozz hozz\u00e1nk"},"content":{"rendered":"<p>[et_pb_section fb_built=&#8221;1&#8243; _builder_version=&#8221;4.27.5&#8243; _module_preset=&#8221;default&#8221; global_colors_info=&#8221;{}&#8221;][et_pb_row _builder_version=&#8221;4.27.5&#8243; _module_preset=&#8221;default&#8221; global_colors_info=&#8221;{}&#8221;][et_pb_column type=&#8221;4_4&#8243; _builder_version=&#8221;4.27.5&#8243; _module_preset=&#8221;default&#8221; global_colors_info=&#8221;{}&#8221;][et_pb_heading title=&#8221;Csatlakozz hozz\u00e1nk&#8221; _builder_version=&#8221;4.27.5&#8243; _module_preset=&#8221;default&#8221; title_text_align=&#8221;center&#8221; global_colors_info=&#8221;{}&#8221;][\/et_pb_heading][\/et_pb_column][\/et_pb_row][et_pb_row column_structure=&#8221;1_2,1_2&#8243; _builder_version=&#8221;4.27.5&#8243; _module_preset=&#8221;default&#8221; global_colors_info=&#8221;{}&#8221;][et_pb_column type=&#8221;1_2&#8243; _builder_version=&#8221;4.27.5&#8243; _module_preset=&#8221;default&#8221; global_colors_info=&#8221;{}&#8221;][et_pb_text _builder_version=&#8221;4.27.5&#8243; _module_preset=&#8221;default&#8221; hover_enabled=&#8221;0&#8243; sticky_enabled=&#8221;0&#8243;]<\/p>\n<p><strong>Mi\u00e9rt csatlakozz hozz\u00e1nk?<\/strong><\/p>\n<div dir=\"auto\">Mert n\u00e1lunk olyan k\u00f6z\u00f6ss\u00e9get tal\u00e1lsz, amely nagyban gondolkodik, m\u00e9gis hisz abban, hogy az apr\u00f3 emberi gesztusok alak\u00edtj\u00e1k a k\u00f6rnyezet\u00fcnket \u00e9s a mindennapjainkat. Hisz\u00fcnk abban, hogy k\u00f6z\u00f6ss\u00e9gben lehet\u00fcnk igaz\u00e1n \u00f6nmagunk, \u00e9s hogy az egym\u00e1sra figyel\u00e9s k\u00e9pes val\u00f3di v\u00e1ltoz\u00e1st hozni.<\/div>\n<p>A Kist\u00e1vols\u00e1gok V\u00e1rosa olyan v\u00e1rost \u00e1lmodik meg, ahol a kult\u00fara a mindennapok r\u00e9sze, ahol z\u00f6ldebb, \u00e9lhet\u0151bb utc\u00e1k vesznek k\u00f6r\u00fcl, \u00e9s ahol az emberek figyelnek egym\u00e1sra. Egy helyet, ahol j\u00f3 \u00e9lni \u2013 \u00e9s ahol egy\u00fctt tesz\u00fcnk az\u00e9rt, hogy k\u00f6z\u00f6ss\u00e9g\u00fcnk minden tagja otthon \u00e9rezze mag\u00e1t.<\/p>\n<p data-path-to-node=\"4\"><b data-path-to-node=\"4\" data-index-in-node=\"0\">Miben sz\u00e1m\u00edtunk r\u00e1d?<\/b><\/p>\n<ul data-path-to-node=\"5\">\n<li>\n<p data-path-to-node=\"5,0,0\"><b data-path-to-node=\"5,0,0\" data-index-in-node=\"0\">V\u00e1rosform\u00e1l\u00e1s:<\/b> Seg\u00edts, hogy a k\u00f6rnyezet\u00fcnk gyalogosan is \u00e9lhet\u0151 legyen.<\/p>\n<\/li>\n<li>\n<p data-path-to-node=\"5,1,0\"><b data-path-to-node=\"5,1,0\" data-index-in-node=\"0\">Egym\u00e1s seg\u00edt\u00e9se:<\/b> Vegy\u00e9l r\u00e9szt helyi \u00f6sszefog\u00e1sokban \u00e9s k\u00f6z\u00f6ss\u00e9gi programokban.<\/p>\n<\/li>\n<li>\n<p data-path-to-node=\"5,2,0\"><b data-path-to-node=\"5,2,0\" data-index-in-node=\"0\">Kultur\u00e1lis pezsg\u00e9s:<\/b> Hozzunk l\u00e9tre k\u00f6z\u00f6sen ki\u00e1ll\u00edt\u00e1sokat, koncerteket \u00e9s esem\u00e9nyeket a sarkon.<\/p>\n<\/li>\n<\/ul>\n<p data-path-to-node=\"6\">T\u00f6ltsd ki az \u0171rlapot, \u00e9s legy\u00e9l te is a motorja egy emberibb, sz\u00ednesebb \u00e9s k\u00f6zeli v\u00e1rosnak.<\/p>\n<p>[\/et_pb_text][\/et_pb_column][et_pb_column type=&#8221;1_2&#8243; _builder_version=&#8221;4.27.5&#8243; _module_preset=&#8221;default&#8221; global_colors_info=&#8221;{}&#8221;][et_pb_code _builder_version=&#8221;4.27.5&#8243; _module_preset=&#8221;default&#8221; global_colors_info=&#8221;{}&#8221;]<div class='fluentform ff-default fluentform_wrapper_4 ffs_default_wrap'><form data-form_id=\"4\" id=\"fluentform_4\" class=\"frm-fluent-form fluent_form_4 ff-el-form-top ff_form_instance_4_1 ff-form-loading ffs_default\" data-form_instance=\"ff_form_instance_4_1\" method=\"POST\" action=\"\" ><fieldset  style=\"border: none!important;margin: 0!important;padding: 0!important;background-color: transparent!important;box-shadow: none!important;outline: none!important; min-inline-size: 100%;\">\n                    <legend class=\"ff_screen_reader_title\" style=\"display: block; margin: 0!important;padding: 0!important;height: 0!important;text-indent: -999999px;width: 0!important;overflow:hidden;\">\u00d6nk\u00e9ntes Jelentkez\u00e9s<\/legend><input type='hidden' name='__fluent_form_embded_post_id' value='1472' \/><input type=\"hidden\" id=\"_fluentform_4_fluentformnonce\" name=\"_fluentform_4_fluentformnonce\" value=\"6aa6fb553d\" \/><input type=\"hidden\" name=\"_wp_http_referer\" value=\"\/en\/wp-json\/wp\/v2\/pages\/1472\" \/><div data-type=\"name-element\" data-name=\"names\" class=\"ff-field_container ff-name-field-wrapper\" ><div class='ff-t-container'><div class='ff-t-cell'><div class='ff-el-group ff-el-form-top'><div class=\"ff-el-input--label asterisk-right\"><label for='ff_4_names_first_name_' id='label_ff_4_names_first_name_' >Vezet\u00e9kn\u00e9v<\/label><\/div><div class='ff-el-input--content'><input type=\"text\" name=\"names[first_name]\" id=\"ff_4_names_first_name_\" class=\"ff-el-form-control\" aria-invalid=\"false\" aria-required=\"false\"><\/div><\/div><\/div><div class='ff-t-cell'><div class='ff-el-group ff-el-form-top'><div class=\"ff-el-input--label ff-el-is-required asterisk-right\"><label for='ff_4_names_last_name_' id='label_ff_4_names_last_name_' >Keresztn\u00e9v<\/label><\/div><div class='ff-el-input--content'><input type=\"text\" name=\"names[last_name]\" id=\"ff_4_names_last_name_\" class=\"ff-el-form-control\" aria-invalid=\"false\" aria-required=\"true\"><\/div><\/div><\/div><\/div><\/div><div class='ff-el-group'><div class=\"ff-el-input--label ff-el-is-required asterisk-right\"><label for='ff_4_email' id='label_ff_4_email' aria-label=\"Email c\u00edm\">Email c\u00edm<\/label><\/div><div class='ff-el-input--content'><input type=\"email\" name=\"email\" id=\"ff_4_email\" class=\"ff-el-form-control\" data-name=\"email\"  aria-invalid=\"false\" aria-required=\"true\"><\/div><\/div><div class='ff-el-group'><div class=\"ff-el-input--label ff-el-is-required asterisk-right\"><label for='ff_4_phone' id='label_ff_4_phone' aria-label=\"Telefonsz\u00e1m\">Telefonsz\u00e1m<\/label><\/div><div class='ff-el-input--content'><input name=\"phone\" class=\"ff-el-form-control ff-el-phone\" type=\"tel\" data-name=\"phone\" id=\"ff_4_phone\" inputmode=\"tel\"  aria-invalid='false' aria-required=\"true\"><\/div><\/div><div class='ff-el-group'><div class=\"ff-el-input--label asterisk-right\"><label   aria-label=\"H\u00edrlev\u00e9l feliratkoz\u00e1s\">H\u00edrlev\u00e9l feliratkoz\u00e1s<\/label><\/div><div class='ff-el-input--content'><div class='ff-el-form-check ff-el-form-check-'><label class='ff-el-form-check-label' for='checkbox_9d6b0cd4f5686d902afa266db58159c9'><input  type=\"checkbox\" name=\"checkbox[]\" data-name=\"checkbox\" class=\"ff-el-form-check-input ff-el-form-check-checkbox\" value=\"Feliratkozok a Kis T\u00e1vols\u00e1gok V\u00e1rosa Alap\u00edtv\u00e1ny h\u00edrlevel\u00e9re\"  id='checkbox_9d6b0cd4f5686d902afa266db58159c9' aria-label='Feliratkozok a Kis T\u00e1vols\u00e1gok V\u00e1rosa Alap\u00edtv\u00e1ny h\u00edrlevel\u00e9re' aria-invalid='false' aria-required=\"false\"> <span>Feliratkozok a Kis T\u00e1vols\u00e1gok V\u00e1rosa Alap\u00edtv\u00e1ny h\u00edrlevel\u00e9re<\/span><\/label><\/div><\/div><\/div><div class='ff-el-group    ff-el-input--content'><div class='ff-el-form-check ff-el-tc'><label aria-label='Terms and Conditions: Elfogadom az adatkezel\u00e9si t\u00e1j\u00e9koztat\u00f3t Contains 1 link. Use tab navigation to review.' class='ff-el-form-check-label ff_tc_label' for=\"gdpr-agreement_bf4eccd3abb04fd9909ef3486fa0ac4c\"><span class='ff_tc_checkbox'><input type=\"checkbox\" name=\"gdpr-agreement\" class=\"ff-el-form-check-input ff_gdpr_field\" data-name=\"gdpr-agreement\" id=\"gdpr-agreement_bf4eccd3abb04fd9909ef3486fa0ac4c\"  value='on' aria-invalid='false' aria-required=\"true\"><\/span> <div class='ff_t_c'>Elfogadom az <a href=\"https:\/\/kistavolsagokvarosa.hu\/en\/adatkezelesi-tajekoztato\/\">adatkezel\u00e9si t\u00e1j\u00e9koztat\u00f3t<\/a><\/div><\/label><\/div><\/div><div class='ff-el-group ff-text-left ff_submit_btn_wrapper'><button type=\"submit\" class=\"ff-btn ff-btn-submit ff-btn-md ff_btn_style\"  aria-label=\"Jelentkezek\">Jelentkezek<\/button><\/div><\/fieldset><input type=\"hidden\" name=\"trp-form-language\" value=\"en\"\/><\/form><div id='fluentform_4_errors' class='ff-errors-in-stack ff_form_instance_4_1 ff-form-loading_errors ff_form_instance_4_1_errors'><\/div><\/div>            <script type=\"text\/javascript\">\n                window.fluent_form_ff_form_instance_4_1 = {\"id\":\"4\",\"settings\":{\"layout\":{\"labelPlacement\":\"top\",\"asteriskPlacement\":\"asterisk-right\",\"helpMessagePlacement\":\"with_label\",\"errorMessagePlacement\":\"inline\",\"cssClassName\":\"\"},\"restrictions\":{\"denyEmptySubmission\":{\"enabled\":false}}},\"form_instance\":\"ff_form_instance_4_1\",\"form_id_selector\":\"fluentform_4\",\"rules\":{\"names[first_name]\":{\"required\":{\"value\":false,\"message\":\"This field is required\",\"global_message\":\"Ez egy k\\u00f6telez\\u0151 mez\\u0151\",\"global\":true}},\"names[middle_name]\":{\"required\":{\"value\":false,\"message\":\"This field is required\",\"global_message\":\"Ez egy k\\u00f6telez\\u0151 mez\\u0151\",\"global\":true}},\"names[last_name]\":{\"required\":{\"value\":true,\"message\":\"This field is required\",\"global_message\":\"Ez egy k\\u00f6telez\\u0151 mez\\u0151\",\"global\":true}},\"email\":{\"required\":{\"value\":true,\"message\":\"This field is required\",\"global_message\":\"Ez egy k\\u00f6telez\\u0151 mez\\u0151\",\"global\":true},\"email\":{\"value\":false,\"message\":\"This field must contain a valid email\",\"global_message\":\"A mez\\u0151nek \\u00e9rv\\u00e9nyes emailc\\u00edmet kell tartalmaznia\",\"global\":true}},\"phone\":{\"required\":{\"value\":true,\"global\":true,\"message\":\"This field is required\",\"global_message\":\"Ez egy k\\u00f6telez\\u0151 mez\\u0151\"},\"valid_phone_number\":{\"value\":false,\"global\":true,\"message\":\"Phone number is not valid\",\"global_message\":\"A telefonsz\\u00e1m nem \\u00e9rv\\u00e9nyes\"}},\"checkbox\":{\"required\":{\"value\":false,\"message\":\"This field is required\",\"global_message\":\"Ez egy k\\u00f6telez\\u0151 mez\\u0151\",\"global\":true}},\"gdpr-agreement\":{\"required\":{\"value\":true,\"message\":\"This field is required\",\"global_message\":\"Ez egy k\\u00f6telez\\u0151 mez\\u0151\",\"global\":true}}},\"debounce_time\":300};\n                            <\/script>\n            [\/et_pb_code][\/et_pb_column][\/et_pb_row][\/et_pb_section]<\/p>","protected":false},"excerpt":{"rendered":"<p>Mi\u00e9rt csatlakozz hozz\u00e1nk? Mert n\u00e1lunk olyan k\u00f6z\u00f6ss\u00e9get tal\u00e1lsz, amely nagyban gondolkodik, m\u00e9gis hisz abban, hogy az apr\u00f3 emberi gesztusok alak\u00edtj\u00e1k a k\u00f6rnyezet\u00fcnket \u00e9s a mindennapjainkat. Hisz\u00fcnk abban, hogy k\u00f6z\u00f6ss\u00e9gben lehet\u00fcnk igaz\u00e1n \u00f6nmagunk, \u00e9s hogy az egym\u00e1sra figyel\u00e9s k\u00e9pes val\u00f3di v\u00e1ltoz\u00e1st hozni. A Kist\u00e1vols\u00e1gok V\u00e1rosa olyan v\u00e1rost \u00e1lmodik meg, ahol a kult\u00fara a mindennapok r\u00e9sze, ahol [&hellip;]<\/p>","protected":false},"author":1,"featured_media":0,"parent":0,"menu_order":0,"comment_status":"closed","ping_status":"closed","template":"","meta":{"_et_pb_use_builder":"on","_et_pb_old_content":"","_et_gb_content_width":"","footnotes":""},"class_list":["post-1472","page","type-page","status-publish","hentry"],"yoast_head":"<!-- This site is optimized with the Yoast SEO Premium plugin v26.9 (Yoast SEO v26.9) - https:\/\/yoast.com\/product\/yoast-seo-premium-wordpress\/ -->\n<title>Csatlakozz hozz\u00e1nk - Kis T\u00e1vols\u00e1gok V\u00e1rosa Alap\u00edtv\u00e1ny<\/title>\n<meta name=\"robots\" content=\"index, follow, max-snippet:-1, max-image-preview:large, max-video-preview:-1\" \/>\n<link rel=\"canonical\" href=\"https:\/\/kistavolsagokvarosa.hu\/en\/csatlakozz-hozzank\/\" \/>\n<meta property=\"og:locale\" content=\"en_US\" \/>\n<meta property=\"og:type\" content=\"article\" \/>\n<meta property=\"og:title\" content=\"Csatlakozz hozz\u00e1nk\" \/>\n<meta property=\"og:description\" content=\"Mi\u00e9rt csatlakozz hozz\u00e1nk? Mert n\u00e1lunk olyan k\u00f6z\u00f6ss\u00e9get tal\u00e1lsz, amely nagyban gondolkodik, m\u00e9gis hisz abban, hogy az apr\u00f3 emberi gesztusok alak\u00edtj\u00e1k a k\u00f6rnyezet\u00fcnket \u00e9s a mindennapjainkat. Hisz\u00fcnk abban, hogy k\u00f6z\u00f6ss\u00e9gben lehet\u00fcnk igaz\u00e1n \u00f6nmagunk, \u00e9s hogy az egym\u00e1sra figyel\u00e9s k\u00e9pes val\u00f3di v\u00e1ltoz\u00e1st hozni. A Kist\u00e1vols\u00e1gok V\u00e1rosa olyan v\u00e1rost \u00e1lmodik meg, ahol a kult\u00fara a mindennapok r\u00e9sze, ahol [&hellip;]\" \/>\n<meta property=\"og:url\" content=\"https:\/\/kistavolsagokvarosa.hu\/en\/csatlakozz-hozzank\/\" \/>\n<meta property=\"og:site_name\" content=\"Kis T\u00e1vols\u00e1gok V\u00e1rosa Alap\u00edtv\u00e1ny\" \/>\n<meta property=\"article:modified_time\" content=\"2026-03-03T16:07:54+00:00\" \/>\n<meta name=\"twitter:card\" content=\"summary_large_image\" \/>\n<script type=\"application\/ld+json\" class=\"yoast-schema-graph\">{\"@context\":\"https:\/\/schema.org\",\"@graph\":[{\"@type\":\"WebPage\",\"@id\":\"https:\/\/kistavolsagokvarosa.hu\/csatlakozz-hozzank\/\",\"url\":\"https:\/\/kistavolsagokvarosa.hu\/csatlakozz-hozzank\/\",\"name\":\"Csatlakozz hozz\u00e1nk - Kis T\u00e1vols\u00e1gok V\u00e1rosa Alap\u00edtv\u00e1ny\",\"isPartOf\":{\"@id\":\"https:\/\/kistavolsagokvarosa.hu\/#website\"},\"datePublished\":\"2026-03-03T14:54:47+00:00\",\"dateModified\":\"2026-03-03T16:07:54+00:00\",\"breadcrumb\":{\"@id\":\"https:\/\/kistavolsagokvarosa.hu\/csatlakozz-hozzank\/#breadcrumb\"},\"inLanguage\":\"en-US\",\"potentialAction\":[{\"@type\":\"ReadAction\",\"target\":[\"https:\/\/kistavolsagokvarosa.hu\/csatlakozz-hozzank\/\"]}]},{\"@type\":\"BreadcrumbList\",\"@id\":\"https:\/\/kistavolsagokvarosa.hu\/csatlakozz-hozzank\/#breadcrumb\",\"itemListElement\":[{\"@type\":\"ListItem\",\"position\":1,\"name\":\"Home\",\"item\":\"https:\/\/kistavolsagokvarosa.hu\/\"},{\"@type\":\"ListItem\",\"position\":2,\"name\":\"Csatlakozz hozz\u00e1nk\"}]},{\"@type\":\"WebSite\",\"@id\":\"https:\/\/kistavolsagokvarosa.hu\/#website\",\"url\":\"https:\/\/kistavolsagokvarosa.hu\/\",\"name\":\"Kis T\u00e1vols\u00e1gok V\u00e1rosa Alap\u00edtv\u00e1ny\",\"description\":\"My WordPress Blog\",\"potentialAction\":[{\"@type\":\"SearchAction\",\"target\":{\"@type\":\"EntryPoint\",\"urlTemplate\":\"https:\/\/kistavolsagokvarosa.hu\/?s={search_term_string}\"},\"query-input\":{\"@type\":\"PropertyValueSpecification\",\"valueRequired\":true,\"valueName\":\"search_term_string\"}}],\"inLanguage\":\"en-US\"}]}<\/script>\n<!-- \/ Yoast SEO Premium plugin. -->","yoast_head_json":{"title":"Csatlakozz hozz\u00e1nk - Kis T\u00e1vols\u00e1gok V\u00e1rosa Alap\u00edtv\u00e1ny","robots":{"index":"index","follow":"follow","max-snippet":"max-snippet:-1","max-image-preview":"max-image-preview:large","max-video-preview":"max-video-preview:-1"},"canonical":"https:\/\/kistavolsagokvarosa.hu\/en\/csatlakozz-hozzank\/","og_locale":"en_US","og_type":"article","og_title":"Csatlakozz hozz\u00e1nk","og_description":"Mi\u00e9rt csatlakozz hozz\u00e1nk? Mert n\u00e1lunk olyan k\u00f6z\u00f6ss\u00e9get tal\u00e1lsz, amely nagyban gondolkodik, m\u00e9gis hisz abban, hogy az apr\u00f3 emberi gesztusok alak\u00edtj\u00e1k a k\u00f6rnyezet\u00fcnket \u00e9s a mindennapjainkat. Hisz\u00fcnk abban, hogy k\u00f6z\u00f6ss\u00e9gben lehet\u00fcnk igaz\u00e1n \u00f6nmagunk, \u00e9s hogy az egym\u00e1sra figyel\u00e9s k\u00e9pes val\u00f3di v\u00e1ltoz\u00e1st hozni. A Kist\u00e1vols\u00e1gok V\u00e1rosa olyan v\u00e1rost \u00e1lmodik meg, ahol a kult\u00fara a mindennapok r\u00e9sze, ahol [&hellip;]","og_url":"https:\/\/kistavolsagokvarosa.hu\/en\/csatlakozz-hozzank\/","og_site_name":"Kis T\u00e1vols\u00e1gok V\u00e1rosa Alap\u00edtv\u00e1ny","article_modified_time":"2026-03-03T16:07:54+00:00","twitter_card":"summary_large_image","schema":{"@context":"https:\/\/schema.org","@graph":[{"@type":"WebPage","@id":"https:\/\/kistavolsagokvarosa.hu\/csatlakozz-hozzank\/","url":"https:\/\/kistavolsagokvarosa.hu\/csatlakozz-hozzank\/","name":"Csatlakozz hozz\u00e1nk - Kis T\u00e1vols\u00e1gok V\u00e1rosa Alap\u00edtv\u00e1ny","isPartOf":{"@id":"https:\/\/kistavolsagokvarosa.hu\/#website"},"datePublished":"2026-03-03T14:54:47+00:00","dateModified":"2026-03-03T16:07:54+00:00","breadcrumb":{"@id":"https:\/\/kistavolsagokvarosa.hu\/csatlakozz-hozzank\/#breadcrumb"},"inLanguage":"en-US","potentialAction":[{"@type":"ReadAction","target":["https:\/\/kistavolsagokvarosa.hu\/csatlakozz-hozzank\/"]}]},{"@type":"BreadcrumbList","@id":"https:\/\/kistavolsagokvarosa.hu\/csatlakozz-hozzank\/#breadcrumb","itemListElement":[{"@type":"ListItem","position":1,"name":"Home","item":"https:\/\/kistavolsagokvarosa.hu\/"},{"@type":"ListItem","position":2,"name":"Csatlakozz hozz\u00e1nk"}]},{"@type":"WebSite","@id":"https:\/\/kistavolsagokvarosa.hu\/#website","url":"https:\/\/kistavolsagokvarosa.hu\/","name":"Kis T\u00e1vols\u00e1gok V\u00e1rosa Alap\u00edtv\u00e1ny","description":"My WordPress Blog","potentialAction":[{"@type":"SearchAction","target":{"@type":"EntryPoint","urlTemplate":"https:\/\/kistavolsagokvarosa.hu\/?s={search_term_string}"},"query-input":{"@type":"PropertyValueSpecification","valueRequired":true,"valueName":"search_term_string"}}],"inLanguage":"en-US"}]}},"_links":{"self":[{"href":"https:\/\/kistavolsagokvarosa.hu\/en\/wp-json\/wp\/v2\/pages\/1472","targetHints":{"allow":["GET"]}}],"collection":[{"href":"https:\/\/kistavolsagokvarosa.hu\/en\/wp-json\/wp\/v2\/pages"}],"about":[{"href":"https:\/\/kistavolsagokvarosa.hu\/en\/wp-json\/wp\/v2\/types\/page"}],"author":[{"embeddable":true,"href":"https:\/\/kistavolsagokvarosa.hu\/en\/wp-json\/wp\/v2\/users\/1"}],"replies":[{"embeddable":true,"href":"https:\/\/kistavolsagokvarosa.hu\/en\/wp-json\/wp\/v2\/comments?post=1472"}],"version-history":[{"count":9,"href":"https:\/\/kistavolsagokvarosa.hu\/en\/wp-json\/wp\/v2\/pages\/1472\/revisions"}],"predecessor-version":[{"id":1483,"href":"https:\/\/kistavolsagokvarosa.hu\/en\/wp-json\/wp\/v2\/pages\/1472\/revisions\/1483"}],"wp:attachment":[{"href":"https:\/\/kistavolsagokvarosa.hu\/en\/wp-json\/wp\/v2\/media?parent=1472"}],"curies":[{"name":"wp","href":"https:\/\/api.w.org\/{rel}","templated":true}]}}