{"id":1435,"date":"2026-02-03T07:33:29","date_gmt":"2026-02-03T07:33:29","guid":{"rendered":"https:\/\/kistavolsagokvarosa.hu\/?page_id=1435"},"modified":"2026-02-03T09:30:28","modified_gmt":"2026-02-03T09:30:28","slug":"rolunk-2","status":"publish","type":"page","link":"https:\/\/kistavolsagokvarosa.hu\/en\/rolunk-2\/","title":{"rendered":"R\u00f3lunk 2"},"content":{"rendered":"<p>[et_pb_section fb_built=&#8221;1&#8243; _builder_version=&#8221;4.27.5&#8243; _module_preset=&#8221;default&#8221; background_color=&#8221;rgba(12,113,195,0.64)&#8221; background_image=&#8221;https:\/\/kistavolsagokvarosa.hu\/wp-content\/uploads\/2025\/02\/20230921_132248-1-scaled-1.jpg&#8221; background_blend=&#8221;darken&#8221; height=&#8221;50%&#8221; global_colors_info=&#8221;{}&#8221;][et_pb_row _builder_version=&#8221;4.27.5&#8243; _module_preset=&#8221;default&#8221; min_height=&#8221;570px&#8221; custom_padding=&#8221;7%||7%||true|false&#8221; global_colors_info=&#8221;{}&#8221;][et_pb_column type=&#8221;4_4&#8243; _builder_version=&#8221;4.27.5&#8243; _module_preset=&#8221;default&#8221; custom_padding=&#8221;||0px||false|false&#8221; global_colors_info=&#8221;{}&#8221;][et_pb_heading title=&#8221;R\u00f3lunk&#8221; _builder_version=&#8221;4.27.5&#8243; _module_preset=&#8221;default&#8221; title_font=&#8221;|||on|||||&#8221; title_text_align=&#8221;center&#8221; title_text_color=&#8221;#FFFFFF&#8221; title_font_size=&#8221;70px&#8221; custom_padding=&#8221;||0px|||&#8221; global_colors_info=&#8221;{}&#8221;][\/et_pb_heading][et_pb_heading title=&#8221;EGY T\u00d6RT\u00c9NET, AMI MINDANNYIUNKR\u00d3L SZ\u00d3L&#8221; _builder_version=&#8221;4.27.5&#8243; _module_preset=&#8221;default&#8221; title_font=&#8221;Abel||||||||&#8221; title_text_align=&#8221;center&#8221; title_text_color=&#8221;#FFFFFF&#8221; title_letter_spacing=&#8221;7px&#8221; title_line_height=&#8221;3em&#8221; global_colors_info=&#8221;{}&#8221;][\/et_pb_heading][\/et_pb_column][\/et_pb_row][\/et_pb_section][et_pb_section fb_built=&#8221;1&#8243; _builder_version=&#8221;4.27.5&#8243; _module_preset=&#8221;default&#8221; global_colors_info=&#8221;{}&#8221;][et_pb_row column_structure=&#8221;1_2,1_2&#8243; _builder_version=&#8221;4.27.5&#8243; _module_preset=&#8221;default&#8221; global_colors_info=&#8221;{}&#8221;][et_pb_column type=&#8221;1_2&#8243; _builder_version=&#8221;4.27.5&#8243; _module_preset=&#8221;default&#8221; global_colors_info=&#8221;{}&#8221;][et_pb_heading title=&#8221;A V\u00c1ROS MI VAGYUNK&#8221; disabled_on=&#8221;off|on|on&#8221; _builder_version=&#8221;4.27.5&#8243; _module_preset=&#8221;default&#8221; title_text_align=&#8221;center&#8221; title_font_size=&#8221;29px&#8221; global_colors_info=&#8221;{}&#8221;][\/et_pb_heading][et_pb_image src=&#8221;https:\/\/kistavolsagokvarosa.hu\/wp-content\/uploads\/2021\/07\/Nagy-Diofa-Wesselenyi.jpg&#8221; alt=&#8221;Nagy Di\u00f3fa &#8211; Wessel\u00e9nyi&#8221; title_text=&#8221;Nagy Di\u00f3fa &#8211; Wessel\u00e9nyi&#8221; _builder_version=&#8221;4.27.5&#8243; _module_preset=&#8221;default&#8221; global_colors_info=&#8221;{}&#8221;][\/et_pb_image][\/et_pb_column][et_pb_column type=&#8221;1_2&#8243; _builder_version=&#8221;4.27.5&#8243; _module_preset=&#8221;default&#8221; global_colors_info=&#8221;{}&#8221;][et_pb_heading title=&#8221;A V\u00c1ROS MI VAGYUNK&#8221; disabled_on=&#8221;on|off|off&#8221; _builder_version=&#8221;4.27.5&#8243; _module_preset=&#8221;default&#8221; global_colors_info=&#8221;{}&#8221;][\/et_pb_heading][et_pb_text _builder_version=&#8221;4.27.5&#8243; _module_preset=&#8221;default&#8221; text_font=&#8221;&#8211;et_global_body_font||||||||&#8221; text_font_size=&#8221;19px&#8221; text_orientation=&#8221;justified&#8221; hover_enabled=&#8221;0&#8243; global_colors_info=&#8221;{}&#8221; sticky_enabled=&#8221;0&#8243;]<\/p>\n<p>Sok \u00e9ve akt\u00edvan dolgozunk az\u00e9rt, hogy a bels\u0151 pesti ker\u00fcletek terei, utc\u00e1i \u00e9s szolg\u00e1ltat\u00e1sai minden ember sz\u00e1m\u00e1ra min\u00e9l el\u00e9rhet\u0151bbek legyenek. C\u00e9lunk, a <strong>15 MINUTE CITY<\/strong> megalkot\u00e1sa, ahol mindenkinek j\u00f3 \u00e9lni, \u00e9s ahol mindenki megtal\u00e1lja a mindennapokban sz\u00fcks\u00e9ges szolg\u00e1ltat\u00e1sokat \u00e9s ezek az alapszolg\u00e1ltat\u00e1sok minden v\u00e1roslak\u00f3 sz\u00e1m\u00e1ra el\u00e9rhet\u0151ek. C\u00e9lunk, hogy mind a fizikai-, mind a t\u00e1rsadalmi t\u00e1vols\u00e1gok cs\u00f6kkenjenek, \u00e9s a v\u00e1ros legyen val\u00f3ban a nappalink meghosszabb\u00edt\u00e1sa.<\/p>\n<p>A misszi\u00f3nk egy olyan 21. sz\u00e1zadi v\u00e1rosi t\u00e9r l\u00e9trej\u00f6tte, mely egyszerre szolg\u00e1lja a fenntarthat\u00f3s\u00e1got \u00e9s v\u00e1lik a mindennapok sz\u00ednter\u00e9v\u00e9. Ehhez urbanisztikai, k\u00f6rnyezetv\u00e9delmi, szoci\u00e1lis \u00e9s kultur\u00e1lis projekteket val\u00f3s\u00edtunk meg. Er\u0151s\u00edtj\u00fck a k\u00f6z\u00f6ss\u00e9geket, szomsz\u00e9ds\u00e1gi viszonyokat \u00e9s egy\u00fctt z\u00f6ldebb\u00e9 tessz\u00fck a v\u00e1rost.<\/p>\n<p>[\/et_pb_text][\/et_pb_column][\/et_pb_row][\/et_pb_section][et_pb_section fb_built=&#8221;1&#8243; theme_builder_area=&#8221;post_content&#8221; _builder_version=&#8221;4.27.5&#8243; _module_preset=&#8221;default&#8221;][et_pb_row _builder_version=&#8221;4.27.5&#8243; _module_preset=&#8221;default&#8221; theme_builder_area=&#8221;post_content&#8221; hover_enabled=&#8221;0&#8243; sticky_enabled=&#8221;0&#8243;][et_pb_column _builder_version=&#8221;4.27.5&#8243; _module_preset=&#8221;default&#8221; type=&#8221;4_4&#8243; theme_builder_area=&#8221;post_content&#8221;][et_pb_heading title=&#8221;T\u00f6rt\u00e9net\u00fcnk&#8221; _builder_version=&#8221;4.27.5&#8243; _module_preset=&#8221;default&#8221; theme_builder_area=&#8221;post_content&#8221; title_font=&#8221;|||on|||||&#8221; title_text_align=&#8221;center&#8221; hover_enabled=&#8221;0&#8243; sticky_enabled=&#8221;0&#8243;][\/et_pb_heading][et_pb_text _builder_version=&#8221;4.27.5&#8243; _module_preset=&#8221;default&#8221; theme_builder_area=&#8221;post_content&#8221; hover_enabled=&#8221;0&#8243; sticky_enabled=&#8221;0&#8243; text_font_size=&#8221;19px&#8221; text_orientation=&#8221;justified&#8221;]<\/p>\n<p>S\u00falyos \u00e9s m\u00e9ly konfliktusokkal terhelt bels\u0151-erzs\u00e9betv\u00e1rosi k\u00f6z\u00f6ss\u00e9g tagjaik\u00e9nt elind\u00edtottuk a sz\u00ednes Erzs\u00e9betv\u00e1ros\u00a0projektet, amit azt\u00e1n kiterjesztett\u00fcnk a szomsz\u00e9dos ker\u00fcletekre is.<\/p>\n<p>The aim of the project was to show the 15 MINUTE CITIES we live in with their beauty, difficulties and challenges to be overcome. Our voice was heard on key projects such as the renovation of Blaha Lujza Square, the rethinking of R\u00e1k\u00f3czi \u00fat, the revitalisation of the Great Boulevard, the humanisation of transport in Inner-Erzs\u00e9betv\u00e1ros, or even ringing the first bell on the issue of pavement closures in Inner-Erzs\u00e9betv\u00e1ros.<\/p>\n<p>V\u00e1rosi, ker\u00fcleti \u00e9s orsz\u00e1gos d\u00f6nt\u00e9shoz\u00f3k el\u00e9 vitt\u00fcnk olyan \u00fcgyeket \u00e9s kezdem\u00e9nyez\u00e9seket, melyek c\u00e9lja a kis t\u00e1vols\u00e1gok v\u00e1rosa a megteremt\u00e9se volt.<\/p>\n<p><strong>Our aim was and remains to create an easily accessible, colourful and exciting urban space. One where sustainable modes of transport are prioritised and which encourages not only progress but also neighbourhood connections.<\/strong><\/p>\n<p>We also aim to bridge the gap between the city's inhabitants through cultural programs and social dialogue. We want our city to be green and open and our communities to be strong through solidarity.\u00a0<strong><\/strong><\/p>\n<p>&nbsp;<\/p>\n<p>[\/et_pb_text][\/et_pb_column][\/et_pb_row][\/et_pb_section][et_pb_section fb_built=&#8221;1&#8243; _builder_version=&#8221;4.27.5&#8243; _module_preset=&#8221;default&#8221; background_color=&#8221;#00457A&#8221; global_colors_info=&#8221;{}&#8221;][et_pb_row _builder_version=&#8221;4.27.5&#8243; _module_preset=&#8221;default&#8221; global_colors_info=&#8221;{}&#8221;][et_pb_column type=&#8221;4_4&#8243; _builder_version=&#8221;4.27.5&#8243; _module_preset=&#8221;default&#8221; global_colors_info=&#8221;{}&#8221;][et_pb_heading title=&#8221;PROJEKTJEINK&#8221; _builder_version=&#8221;4.27.5&#8243; _module_preset=&#8221;default&#8221; title_font=&#8221;&#8211;et_global_heading_font||||||||&#8221; title_text_align=&#8221;center&#8221; title_text_color=&#8221;#FFFFFF&#8221; title_font_size=&#8221;60px&#8221; title_font_size_tablet=&#8221;60px&#8221; title_font_size_phone=&#8221;47px&#8221; title_font_size_last_edited=&#8221;on|phone&#8221; global_colors_info=&#8221;{}&#8221;][\/et_pb_heading][\/et_pb_column][\/et_pb_row][\/et_pb_section][et_pb_section fb_built=&#8221;1&#8243; _builder_version=&#8221;4.27.5&#8243; _module_preset=&#8221;default&#8221; global_colors_info=&#8221;{}&#8221;][et_pb_row _builder_version=&#8221;4.27.5&#8243; _module_preset=&#8221;default&#8221; global_colors_info=&#8221;{}&#8221;][et_pb_column type=&#8221;4_4&#8243; _builder_version=&#8221;4.27.5&#8243; _module_preset=&#8221;default&#8221; global_colors_info=&#8221;{}&#8221;][et_pb_heading title=&#8221;Urbanisztika&#8221; _builder_version=&#8221;4.27.5&#8243; _module_preset=&#8221;default&#8221; title_font=&#8221;|||on|||||&#8221; title_text_align=&#8221;center&#8221; global_colors_info=&#8221;{}&#8221;][\/et_pb_heading][et_pb_post_slider include_categories=&#8221;33&#8243; orderby=&#8221;rand&#8221; show_meta=&#8221;off&#8221; _builder_version=&#8221;4.27.5&#8243; _module_preset=&#8221;default&#8221; global_colors_info=&#8221;{}&#8221;][\/et_pb_post_slider][\/et_pb_column][\/et_pb_row][et_pb_row _builder_version=&#8221;4.27.5&#8243; _module_preset=&#8221;default&#8221; global_colors_info=&#8221;{}&#8221;][et_pb_column type=&#8221;4_4&#8243; _builder_version=&#8221;4.27.5&#8243; _module_preset=&#8221;default&#8221; global_colors_info=&#8221;{}&#8221;][et_pb_heading title=&#8221;Kult\u00fara&#8221; _builder_version=&#8221;4.27.5&#8243; _module_preset=&#8221;default&#8221; title_font=&#8221;|||on|||||&#8221; title_text_align=&#8221;center&#8221; global_colors_info=&#8221;{}&#8221;][\/et_pb_heading][et_pb_post_slider include_categories=&#8221;36&#8243; orderby=&#8221;rand&#8221; show_meta=&#8221;off&#8221; _builder_version=&#8221;4.27.5&#8243; _module_preset=&#8221;default&#8221; global_colors_info=&#8221;{}&#8221;][\/et_pb_post_slider][\/et_pb_column][\/et_pb_row][et_pb_row _builder_version=&#8221;4.27.5&#8243; _module_preset=&#8221;default&#8221; global_colors_info=&#8221;{}&#8221;][et_pb_column type=&#8221;4_4&#8243; _builder_version=&#8221;4.27.5&#8243; _module_preset=&#8221;default&#8221; global_colors_info=&#8221;{}&#8221;][et_pb_heading title=&#8221;Szolidarit\u00e1s&#8221; _builder_version=&#8221;4.27.5&#8243; _module_preset=&#8221;default&#8221; title_font=&#8221;|||on|||||&#8221; title_text_align=&#8221;center&#8221; global_colors_info=&#8221;{}&#8221;][\/et_pb_heading][et_pb_post_slider include_categories=&#8221;35&#8243; orderby=&#8221;rand&#8221; show_meta=&#8221;off&#8221; _builder_version=&#8221;4.27.5&#8243; _module_preset=&#8221;default&#8221; global_colors_info=&#8221;{}&#8221;][\/et_pb_post_slider][\/et_pb_column][\/et_pb_row][et_pb_row _builder_version=&#8221;4.27.5&#8243; _module_preset=&#8221;default&#8221; global_colors_info=&#8221;{}&#8221;][et_pb_column type=&#8221;4_4&#8243; _builder_version=&#8221;4.27.5&#8243; _module_preset=&#8221;default&#8221; global_colors_info=&#8221;{}&#8221;][et_pb_heading title=&#8221;Z\u00f6ld \u00fcgyek&#8221; _builder_version=&#8221;4.27.5&#8243; _module_preset=&#8221;default&#8221; title_font=&#8221;|||on|||||&#8221; title_text_align=&#8221;center&#8221; global_colors_info=&#8221;{}&#8221;][\/et_pb_heading][et_pb_post_slider include_categories=&#8221;34&#8243; orderby=&#8221;rand&#8221; show_meta=&#8221;off&#8221; _builder_version=&#8221;4.27.5&#8243; _module_preset=&#8221;default&#8221; global_colors_info=&#8221;{}&#8221;][\/et_pb_post_slider][\/et_pb_column][\/et_pb_row][\/et_pb_section][et_pb_section fb_built=&#8221;1&#8243; theme_builder_area=&#8221;post_content&#8221; _builder_version=&#8221;4.27.5&#8243; _module_preset=&#8221;default&#8221;][et_pb_row _builder_version=&#8221;4.27.5&#8243; _module_preset=&#8221;default&#8221; custom_css_free_form=&#8221;display: flex;||align-items: center;||justify-content: space-between;&#8221; global_colors_info=&#8221;{}&#8221; theme_builder_area=&#8221;post_content&#8221;][et_pb_column type=&#8221;4_4&#8243; _builder_version=&#8221;4.27.5&#8243; _module_preset=&#8221;default&#8221; global_colors_info=&#8221;{}&#8221; theme_builder_area=&#8221;post_content&#8221;][et_pb_heading title=&#8221;VEDD FEL VEL\u00dcNK A KAPCSOLATOT&#8221; _builder_version=&#8221;4.27.5&#8243; _module_preset=&#8221;default&#8221; title_level=&#8221;h2&#8243; title_text_align=&#8221;center&#8221; custom_padding=&#8221;||||false|false&#8221; global_colors_info=&#8221;{}&#8221; theme_builder_area=&#8221;post_content&#8221;][\/et_pb_heading][et_pb_button button_text=&#8221;info@kistavolsagokvarosa.hu&#8221; button_alignment=&#8221;center&#8221; _builder_version=&#8221;4.27.5&#8243; _module_preset=&#8221;default&#8221; custom_button=&#8221;on&#8221; button_text_size=&#8221;17px&#8221; button_text_color=&#8221;#FFFFFF&#8221; button_bg_color=&#8221;#00208A&#8221; button_border_radius=&#8221;100px&#8221; button_icon=&#8221;&#xf0e0;||fa||400&#8243; button_icon_placement=&#8221;left&#8221; button_on_hover=&#8221;off&#8221; hover_enabled=&#8221;0&#8243; global_colors_info=&#8221;{}&#8221; theme_builder_area=&#8221;post_content&#8221; button_url=&#8221;mailto:info@kistavolsagokvarosa.hu&#8221; sticky_enabled=&#8221;0&#8243;][\/et_pb_button][et_pb_button button_text=&#8221;(06) 70-350-8777&#8243; button_alignment=&#8221;center&#8221; _builder_version=&#8221;4.27.5&#8243; _module_preset=&#8221;default&#8221; custom_button=&#8221;on&#8221; button_text_size=&#8221;17px&#8221; button_text_color=&#8221;#FFFFFF&#8221; button_bg_color=&#8221;#12876F&#8221; button_border_radius=&#8221;100px&#8221; button_icon=&#8221;&#xf879;||fa||900&#8243; button_icon_placement=&#8221;left&#8221; button_on_hover=&#8221;off&#8221; hover_enabled=&#8221;0&#8243; global_colors_info=&#8221;{}&#8221; theme_builder_area=&#8221;post_content&#8221; button_url=&#8221;tel:06703508777&#8243; sticky_enabled=&#8221;0&#8243;][\/et_pb_button][\/et_pb_column][\/et_pb_row][\/et_pb_section]<\/p>","protected":false},"excerpt":{"rendered":"<p>Sok \u00e9ve akt\u00edvan dolgozunk az\u00e9rt, hogy a bels\u0151 pesti ker\u00fcletek terei, utc\u00e1i \u00e9s szolg\u00e1ltat\u00e1sai minden ember sz\u00e1m\u00e1ra min\u00e9l el\u00e9rhet\u0151bbek legyenek. C\u00e9lunk, a 15 perces v\u00e1ros megalkot\u00e1sa, ahol mindenkinek j\u00f3 \u00e9lni, \u00e9s ahol mindenki megtal\u00e1lja a mindennapokban sz\u00fcks\u00e9ges szolg\u00e1ltat\u00e1sokat \u00e9s ezek az alapszolg\u00e1ltat\u00e1sok minden v\u00e1roslak\u00f3 sz\u00e1m\u00e1ra el\u00e9rhet\u0151ek. C\u00e9lunk, hogy mind a fizikai-, mind a t\u00e1rsadalmi t\u00e1vols\u00e1gok [&hellip;]<\/p>","protected":false},"author":18,"featured_media":0,"parent":0,"menu_order":0,"comment_status":"closed","ping_status":"closed","template":"","meta":{"_et_pb_use_builder":"on","_et_pb_old_content":"","_et_gb_content_width":"","footnotes":""},"class_list":["post-1435","page","type-page","status-publish","hentry"],"yoast_head":"<!-- This site is optimized with the Yoast SEO Premium plugin v26.9 (Yoast SEO v26.9) - https:\/\/yoast.com\/product\/yoast-seo-premium-wordpress\/ -->\n<title>R\u00f3lunk 2 - Kis T\u00e1vols\u00e1gok V\u00e1rosa Alap\u00edtv\u00e1ny<\/title>\n<meta name=\"robots\" content=\"index, follow, max-snippet:-1, max-image-preview:large, max-video-preview:-1\" \/>\n<link rel=\"canonical\" href=\"https:\/\/kistavolsagokvarosa.hu\/en\/rolunk-2\/\" \/>\n<meta property=\"og:locale\" content=\"en_US\" \/>\n<meta property=\"og:type\" content=\"article\" \/>\n<meta property=\"og:title\" content=\"R\u00f3lunk 2\" \/>\n<meta property=\"og:description\" content=\"Sok \u00e9ve akt\u00edvan dolgozunk az\u00e9rt, hogy a bels\u0151 pesti ker\u00fcletek terei, utc\u00e1i \u00e9s szolg\u00e1ltat\u00e1sai minden ember sz\u00e1m\u00e1ra min\u00e9l el\u00e9rhet\u0151bbek legyenek. C\u00e9lunk, a 15 perces v\u00e1ros megalkot\u00e1sa, ahol mindenkinek j\u00f3 \u00e9lni, \u00e9s ahol mindenki megtal\u00e1lja a mindennapokban sz\u00fcks\u00e9ges szolg\u00e1ltat\u00e1sokat \u00e9s ezek az alapszolg\u00e1ltat\u00e1sok minden v\u00e1roslak\u00f3 sz\u00e1m\u00e1ra el\u00e9rhet\u0151ek. C\u00e9lunk, hogy mind a fizikai-, mind a t\u00e1rsadalmi t\u00e1vols\u00e1gok [&hellip;]\" \/>\n<meta property=\"og:url\" content=\"https:\/\/kistavolsagokvarosa.hu\/en\/rolunk-2\/\" \/>\n<meta property=\"og:site_name\" content=\"Kis T\u00e1vols\u00e1gok V\u00e1rosa Alap\u00edtv\u00e1ny\" \/>\n<meta property=\"article:modified_time\" content=\"2026-02-03T09:30:28+00:00\" \/>\n<meta name=\"twitter:card\" content=\"summary_large_image\" \/>\n<script type=\"application\/ld+json\" class=\"yoast-schema-graph\">{\"@context\":\"https:\/\/schema.org\",\"@graph\":[{\"@type\":\"WebPage\",\"@id\":\"https:\/\/kistavolsagokvarosa.hu\/rolunk-2\/\",\"url\":\"https:\/\/kistavolsagokvarosa.hu\/rolunk-2\/\",\"name\":\"R\u00f3lunk 2 - Kis T\u00e1vols\u00e1gok V\u00e1rosa Alap\u00edtv\u00e1ny\",\"isPartOf\":{\"@id\":\"https:\/\/kistavolsagokvarosa.hu\/#website\"},\"datePublished\":\"2026-02-03T07:33:29+00:00\",\"dateModified\":\"2026-02-03T09:30:28+00:00\",\"breadcrumb\":{\"@id\":\"https:\/\/kistavolsagokvarosa.hu\/rolunk-2\/#breadcrumb\"},\"inLanguage\":\"en-US\",\"potentialAction\":[{\"@type\":\"ReadAction\",\"target\":[\"https:\/\/kistavolsagokvarosa.hu\/rolunk-2\/\"]}]},{\"@type\":\"BreadcrumbList\",\"@id\":\"https:\/\/kistavolsagokvarosa.hu\/rolunk-2\/#breadcrumb\",\"itemListElement\":[{\"@type\":\"ListItem\",\"position\":1,\"name\":\"Home\",\"item\":\"https:\/\/kistavolsagokvarosa.hu\/\"},{\"@type\":\"ListItem\",\"position\":2,\"name\":\"R\u00f3lunk 2\"}]},{\"@type\":\"WebSite\",\"@id\":\"https:\/\/kistavolsagokvarosa.hu\/#website\",\"url\":\"https:\/\/kistavolsagokvarosa.hu\/\",\"name\":\"Kis T\u00e1vols\u00e1gok V\u00e1rosa Alap\u00edtv\u00e1ny\",\"description\":\"My WordPress Blog\",\"potentialAction\":[{\"@type\":\"SearchAction\",\"target\":{\"@type\":\"EntryPoint\",\"urlTemplate\":\"https:\/\/kistavolsagokvarosa.hu\/?s={search_term_string}\"},\"query-input\":{\"@type\":\"PropertyValueSpecification\",\"valueRequired\":true,\"valueName\":\"search_term_string\"}}],\"inLanguage\":\"en-US\"}]}<\/script>\n<!-- \/ Yoast SEO Premium plugin. -->","yoast_head_json":{"title":"R\u00f3lunk 2 - Kis T\u00e1vols\u00e1gok V\u00e1rosa Alap\u00edtv\u00e1ny","robots":{"index":"index","follow":"follow","max-snippet":"max-snippet:-1","max-image-preview":"max-image-preview:large","max-video-preview":"max-video-preview:-1"},"canonical":"https:\/\/kistavolsagokvarosa.hu\/en\/rolunk-2\/","og_locale":"en_US","og_type":"article","og_title":"R\u00f3lunk 2","og_description":"Sok \u00e9ve akt\u00edvan dolgozunk az\u00e9rt, hogy a bels\u0151 pesti ker\u00fcletek terei, utc\u00e1i \u00e9s szolg\u00e1ltat\u00e1sai minden ember sz\u00e1m\u00e1ra min\u00e9l el\u00e9rhet\u0151bbek legyenek. C\u00e9lunk, a 15 perces v\u00e1ros megalkot\u00e1sa, ahol mindenkinek j\u00f3 \u00e9lni, \u00e9s ahol mindenki megtal\u00e1lja a mindennapokban sz\u00fcks\u00e9ges szolg\u00e1ltat\u00e1sokat \u00e9s ezek az alapszolg\u00e1ltat\u00e1sok minden v\u00e1roslak\u00f3 sz\u00e1m\u00e1ra el\u00e9rhet\u0151ek. C\u00e9lunk, hogy mind a fizikai-, mind a t\u00e1rsadalmi t\u00e1vols\u00e1gok [&hellip;]","og_url":"https:\/\/kistavolsagokvarosa.hu\/en\/rolunk-2\/","og_site_name":"Kis T\u00e1vols\u00e1gok V\u00e1rosa Alap\u00edtv\u00e1ny","article_modified_time":"2026-02-03T09:30:28+00:00","twitter_card":"summary_large_image","schema":{"@context":"https:\/\/schema.org","@graph":[{"@type":"WebPage","@id":"https:\/\/kistavolsagokvarosa.hu\/rolunk-2\/","url":"https:\/\/kistavolsagokvarosa.hu\/rolunk-2\/","name":"R\u00f3lunk 2 - Kis T\u00e1vols\u00e1gok V\u00e1rosa Alap\u00edtv\u00e1ny","isPartOf":{"@id":"https:\/\/kistavolsagokvarosa.hu\/#website"},"datePublished":"2026-02-03T07:33:29+00:00","dateModified":"2026-02-03T09:30:28+00:00","breadcrumb":{"@id":"https:\/\/kistavolsagokvarosa.hu\/rolunk-2\/#breadcrumb"},"inLanguage":"en-US","potentialAction":[{"@type":"ReadAction","target":["https:\/\/kistavolsagokvarosa.hu\/rolunk-2\/"]}]},{"@type":"BreadcrumbList","@id":"https:\/\/kistavolsagokvarosa.hu\/rolunk-2\/#breadcrumb","itemListElement":[{"@type":"ListItem","position":1,"name":"Home","item":"https:\/\/kistavolsagokvarosa.hu\/"},{"@type":"ListItem","position":2,"name":"R\u00f3lunk 2"}]},{"@type":"WebSite","@id":"https:\/\/kistavolsagokvarosa.hu\/#website","url":"https:\/\/kistavolsagokvarosa.hu\/","name":"Kis T\u00e1vols\u00e1gok V\u00e1rosa Alap\u00edtv\u00e1ny","description":"My WordPress Blog","potentialAction":[{"@type":"SearchAction","target":{"@type":"EntryPoint","urlTemplate":"https:\/\/kistavolsagokvarosa.hu\/?s={search_term_string}"},"query-input":{"@type":"PropertyValueSpecification","valueRequired":true,"valueName":"search_term_string"}}],"inLanguage":"en-US"}]}},"_links":{"self":[{"href":"https:\/\/kistavolsagokvarosa.hu\/en\/wp-json\/wp\/v2\/pages\/1435","targetHints":{"allow":["GET"]}}],"collection":[{"href":"https:\/\/kistavolsagokvarosa.hu\/en\/wp-json\/wp\/v2\/pages"}],"about":[{"href":"https:\/\/kistavolsagokvarosa.hu\/en\/wp-json\/wp\/v2\/types\/page"}],"author":[{"embeddable":true,"href":"https:\/\/kistavolsagokvarosa.hu\/en\/wp-json\/wp\/v2\/users\/18"}],"replies":[{"embeddable":true,"href":"https:\/\/kistavolsagokvarosa.hu\/en\/wp-json\/wp\/v2\/comments?post=1435"}],"version-history":[{"count":14,"href":"https:\/\/kistavolsagokvarosa.hu\/en\/wp-json\/wp\/v2\/pages\/1435\/revisions"}],"predecessor-version":[{"id":1463,"href":"https:\/\/kistavolsagokvarosa.hu\/en\/wp-json\/wp\/v2\/pages\/1435\/revisions\/1463"}],"wp:attachment":[{"href":"https:\/\/kistavolsagokvarosa.hu\/en\/wp-json\/wp\/v2\/media?parent=1435"}],"curies":[{"name":"wp","href":"https:\/\/api.w.org\/{rel}","templated":true}]}}